{"id":30754,"date":"2025-03-12T17:03:09","date_gmt":"2025-03-12T15:03:09","guid":{"rendered":"https:\/\/polaris-wp-staging.super-crowd.com\/?page_id=30754"},"modified":"2025-11-13T15:56:43","modified_gmt":"2025-11-13T13:56:43","slug":"cosplay-area","status":"publish","type":"page","link":"https:\/\/polaris-con.de\/de_de\/fuer-besuchende\/unsere-areas\/cosplay-area\/","title":{"rendered":"Cosplay Area"},"content":{"rendered":"\t\t<div data-elementor-type=\"wp-page\" data-elementor-id=\"30754\" class=\"elementor elementor-30754\" data-elementor-post-type=\"page\">\n\t\t\t\t<div class=\"elementor-element elementor-element-b863127 e-con-full e-flex e-con e-parent\" data-id=\"b863127\" data-element_type=\"container\" data-e-type=\"container\" data-settings=\"{&quot;background_background&quot;:&quot;classic&quot;}\">\n\t\t<div class=\"elementor-element elementor-element-20f5d6a e-con-full e-flex e-con e-child\" data-id=\"20f5d6a\" data-element_type=\"container\" data-e-type=\"container\">\n\t\t\t\t<div class=\"elementor-element elementor-element-76ac4dd elementor-widget elementor-widget-pix-text\" data-id=\"76ac4dd\" data-element_type=\"widget\" data-e-type=\"widget\" data-widget_type=\"pix-text.default\">\n\t\t\t\t<div class=\"elementor-widget-container\">\n\t\t\t\t\t<div class=\"pix-el-text w-100 text-center \" ><p class=\"resp-option text-center \"><p>Cosplay Area<\/p><\/p><\/div>\t\t\t\t<\/div>\n\t\t\t\t<\/div>\n\t\t\t\t<\/div>\n\t\t\t\t<\/div>\n\t\t<div class=\"elementor-element elementor-element-32bbd52 e-flex e-con-boxed e-con e-parent\" data-id=\"32bbd52\" data-element_type=\"container\" data-e-type=\"container\">\n\t\t\t\t\t<div class=\"e-con-inner\">\n\t\t<div class=\"elementor-element elementor-element-407ea4b e-con-full e-flex e-con e-child\" data-id=\"407ea4b\" data-element_type=\"container\" data-e-type=\"container\">\n\t\t<div class=\"elementor-element elementor-element-fe1239b e-con-full e-flex e-con e-child\" data-id=\"fe1239b\" data-element_type=\"container\" data-e-type=\"container\">\n\t\t\t\t<div class=\"elementor-element elementor-element-e35fc3d elementor-hidden-desktop elementor-hidden-tablet elementor-widget elementor-widget-image\" data-id=\"e35fc3d\" data-element_type=\"widget\" data-e-type=\"widget\" data-widget_type=\"image.default\">\n\t\t\t\t<div class=\"elementor-widget-container\">\n\t\t\t\t\t\t\t\t\t\t\t\t\t\t\t<img fetchpriority=\"high\" decoding=\"async\" width=\"640\" height=\"427\" src=\"https:\/\/polaris-con.de\/wp-content\/uploads\/2025\/03\/PO24_RO_111024_00731-1024x683.jpg\" class=\"attachment-large size-large wp-image-30933\" alt=\"Foto von einem Gast, der eine Brettspiel-Figur bemalt.\" srcset=\"https:\/\/polaris-con.de\/wp-content\/uploads\/2025\/03\/PO24_RO_111024_00731-1024x683.jpg 1024w, https:\/\/polaris-con.de\/wp-content\/uploads\/2025\/03\/PO24_RO_111024_00731-300x200.jpg 300w, https:\/\/polaris-con.de\/wp-content\/uploads\/2025\/03\/PO24_RO_111024_00731-768x512.jpg 768w, https:\/\/polaris-con.de\/wp-content\/uploads\/2025\/03\/PO24_RO_111024_00731-1536x1024.jpg 1536w, https:\/\/polaris-con.de\/wp-content\/uploads\/2025\/03\/PO24_RO_111024_00731-2048x1365.jpg 2048w, https:\/\/polaris-con.de\/wp-content\/uploads\/2025\/03\/PO24_RO_111024_00731-18x12.jpg 18w\" sizes=\"(max-width: 640px) 100vw, 640px\" \/>\t\t\t\t\t\t\t\t\t\t\t\t\t\t\t<\/div>\n\t\t\t\t<\/div>\n\t\t\t\t<\/div>\n\t\t<div class=\"elementor-element elementor-element-614941b e-con-full e-flex e-con e-child\" data-id=\"614941b\" data-element_type=\"container\" data-e-type=\"container\" data-settings=\"{&quot;background_background&quot;:&quot;classic&quot;}\">\n\t\t\t\t<div class=\"elementor-element elementor-element-5b1ce18 elementor-widget elementor-widget-heading\" data-id=\"5b1ce18\" data-element_type=\"widget\" data-e-type=\"widget\" data-widget_type=\"heading.default\">\n\t\t\t\t<div class=\"elementor-widget-container\">\n\t\t\t\t\t<h4 class=\"elementor-heading-title elementor-size-default\">Bewerbt euch jetzt f\u00fcr die limitierten Cosplay-Pakete und werdet Cosplay-Aussteller:in!<\/h4>\t\t\t\t<\/div>\n\t\t\t\t<\/div>\n\t\t\t\t<div class=\"elementor-element elementor-element-3e78760 elementor-widget elementor-widget-text-editor\" data-id=\"3e78760\" data-element_type=\"widget\" data-e-type=\"widget\" data-widget_type=\"text-editor.default\">\n\t\t\t\t<div class=\"elementor-widget-container\">\n\t\t\t\t\t\t\t\t\t<p>Auf der POLARIS wird ein Ausstellungsbereich speziell f\u00fcr Cosplayer:innen in unserer Cosplay Area gestaltet. Euren Stand k\u00f6nnt ihr als Treffpunkt f\u00fcr die Community nutzen und zeitgleich Merchandise oder Prints zum Verkauf anbieten.\u00a0 In dem Paket sind au\u00dferdem zwei Ausstellertickets inklusive.<\/p>\t\t\t\t\t\t\t\t<\/div>\n\t\t\t\t<\/div>\n\t\t\t\t<div class=\"elementor-element elementor-element-a7b5398 elementor-align-justify elementor-widget__width-inherit e-transform elementor-widget elementor-widget-button\" data-id=\"a7b5398\" data-element_type=\"widget\" data-e-type=\"widget\" data-settings=\"{&quot;_transform_scale_effect_hover&quot;:{&quot;unit&quot;:&quot;px&quot;,&quot;size&quot;:1.01,&quot;sizes&quot;:[]},&quot;_transform_scale_effect_hover_tablet&quot;:{&quot;unit&quot;:&quot;px&quot;,&quot;size&quot;:&quot;&quot;,&quot;sizes&quot;:[]},&quot;_transform_scale_effect_hover_mobile&quot;:{&quot;unit&quot;:&quot;px&quot;,&quot;size&quot;:&quot;&quot;,&quot;sizes&quot;:[]}}\" data-widget_type=\"button.default\">\n\t\t\t\t<div class=\"elementor-widget-container\">\n\t\t\t\t\t\t\t\t\t<div class=\"elementor-button-wrapper\">\n\t\t\t\t\t<a class=\"elementor-button elementor-button-link elementor-size-sm\" href=\"https:\/\/polaris-con.de\/de_de\/fuer-ausstellende-partner\/ausstellen\/cosplay-paket\/\">\n\t\t\t\t\t\t<span class=\"elementor-button-content-wrapper\">\n\t\t\t\t\t\t<span class=\"elementor-button-icon\">\n\t\t\t\t<i aria-hidden=\"true\" class=\"icon icon-angle-right\"><\/i>\t\t\t<\/span>\n\t\t\t\t\t\t\t\t\t<span class=\"elementor-button-text\">Zur Anmeldung<\/span>\n\t\t\t\t\t<\/span>\n\t\t\t\t\t<\/a>\n\t\t\t\t<\/div>\n\t\t\t\t\t\t\t\t<\/div>\n\t\t\t\t<\/div>\n\t\t\t\t<\/div>\n\t\t\t\t<\/div>\n\t\t<div class=\"elementor-element elementor-element-ca93136 e-con-full e-flex e-con e-child\" data-id=\"ca93136\" data-element_type=\"container\" data-e-type=\"container\">\n\t\t<div class=\"elementor-element elementor-element-ac2de5c e-con-full e-flex e-con e-child\" data-id=\"ac2de5c\" data-element_type=\"container\" data-e-type=\"container\" data-settings=\"{&quot;background_background&quot;:&quot;classic&quot;}\">\n\t\t\t\t<div class=\"elementor-element elementor-element-66e1d00 elementor-widget elementor-widget-heading\" data-id=\"66e1d00\" data-element_type=\"widget\" data-e-type=\"widget\" data-widget_type=\"heading.default\">\n\t\t\t\t<div class=\"elementor-widget-container\">\n\t\t\t\t\t<h4 class=\"elementor-heading-title elementor-size-default\">Ohne eosAndy geht's nicht!<\/h4>\t\t\t\t<\/div>\n\t\t\t\t<\/div>\n\t\t\t\t<div class=\"elementor-element elementor-element-8894008 elementor-widget elementor-widget-text-editor\" data-id=\"8894008\" data-element_type=\"widget\" data-e-type=\"widget\" data-widget_type=\"text-editor.default\">\n\t\t\t\t<div class=\"elementor-widget-container\">\n\t\t\t\t\t\t\t\t\t<p style=\"text-align: left;\">Wie jedes Jahr hei\u00dfen wir erneut eosAndy herzlichst willkommen! Er ist bekannt f\u00fcr seinen einzigartigen Stil und besucht uns mit einem Versprechen: Jeder sollte ein sch\u00f6nes Erinnerungsfoto von sich und dem eigenen Cosplay mit nach Hause mitnehmen k\u00f6nnen!<\/p>\t\t\t\t\t\t\t\t<\/div>\n\t\t\t\t<\/div>\n\t\t\t\t<div class=\"elementor-element elementor-element-44ebc55 elementor-align-justify elementor-widget__width-inherit e-transform elementor-widget elementor-widget-button\" data-id=\"44ebc55\" data-element_type=\"widget\" data-e-type=\"widget\" data-settings=\"{&quot;_transform_scale_effect_hover&quot;:{&quot;unit&quot;:&quot;px&quot;,&quot;size&quot;:1.01,&quot;sizes&quot;:[]},&quot;_transform_scale_effect_hover_tablet&quot;:{&quot;unit&quot;:&quot;px&quot;,&quot;size&quot;:&quot;&quot;,&quot;sizes&quot;:[]},&quot;_transform_scale_effect_hover_mobile&quot;:{&quot;unit&quot;:&quot;px&quot;,&quot;size&quot;:&quot;&quot;,&quot;sizes&quot;:[]}}\" data-widget_type=\"button.default\">\n\t\t\t\t<div class=\"elementor-widget-container\">\n\t\t\t\t\t\t\t\t\t<div class=\"elementor-button-wrapper\">\n\t\t\t\t\t<a class=\"elementor-button elementor-button-link elementor-size-sm\" href=\"https:\/\/eosandy.com\/wer-ist-eosandy\/\" target=\"_blank\">\n\t\t\t\t\t\t<span class=\"elementor-button-content-wrapper\">\n\t\t\t\t\t\t<span class=\"elementor-button-icon\">\n\t\t\t\t<i aria-hidden=\"true\" class=\"icon icon-angle-right\"><\/i>\t\t\t<\/span>\n\t\t\t\t\t\t\t\t\t<span class=\"elementor-button-text\">Mehr erfahren<\/span>\n\t\t\t\t\t<\/span>\n\t\t\t\t\t<\/a>\n\t\t\t\t<\/div>\n\t\t\t\t\t\t\t\t<\/div>\n\t\t\t\t<\/div>\n\t\t\t\t<\/div>\n\t\t<div class=\"elementor-element elementor-element-f7c3567 e-con-full e-flex e-con e-child\" data-id=\"f7c3567\" data-element_type=\"container\" data-e-type=\"container\">\n\t\t\t\t<div class=\"elementor-element elementor-element-5986a55 elementor-hidden-desktop elementor-hidden-tablet elementor-widget elementor-widget-image\" data-id=\"5986a55\" data-element_type=\"widget\" data-e-type=\"widget\" data-widget_type=\"image.default\">\n\t\t\t\t<div class=\"elementor-widget-container\">\n\t\t\t\t\t\t\t\t\t\t\t\t\t\t\t<img decoding=\"async\" width=\"640\" height=\"427\" src=\"https:\/\/polaris-con.de\/wp-content\/uploads\/2025\/03\/PO24_RO_121024_03220-1024x683.jpg\" class=\"attachment-large size-large wp-image-30945\" alt=\"Foto von eosAndy, wie er ein Foto von einem Cosplayer schie\u00dft.\" srcset=\"https:\/\/polaris-con.de\/wp-content\/uploads\/2025\/03\/PO24_RO_121024_03220-1024x683.jpg 1024w, https:\/\/polaris-con.de\/wp-content\/uploads\/2025\/03\/PO24_RO_121024_03220-300x200.jpg 300w, https:\/\/polaris-con.de\/wp-content\/uploads\/2025\/03\/PO24_RO_121024_03220-768x512.jpg 768w, https:\/\/polaris-con.de\/wp-content\/uploads\/2025\/03\/PO24_RO_121024_03220-1536x1024.jpg 1536w, https:\/\/polaris-con.de\/wp-content\/uploads\/2025\/03\/PO24_RO_121024_03220-2048x1365.jpg 2048w, https:\/\/polaris-con.de\/wp-content\/uploads\/2025\/03\/PO24_RO_121024_03220-18x12.jpg 18w\" sizes=\"(max-width: 640px) 100vw, 640px\" \/>\t\t\t\t\t\t\t\t\t\t\t\t\t\t\t<\/div>\n\t\t\t\t<\/div>\n\t\t\t\t<\/div>\n\t\t\t\t<\/div>\n\t\t<div class=\"elementor-element elementor-element-3092eb5 e-con-full e-flex e-con e-child\" data-id=\"3092eb5\" data-element_type=\"container\" data-e-type=\"container\">\n\t\t<div class=\"elementor-element elementor-element-00bd640 e-con-full e-flex e-con e-child\" data-id=\"00bd640\" data-element_type=\"container\" data-e-type=\"container\">\n\t\t\t\t<div class=\"elementor-element elementor-element-e231529 elementor-hidden-desktop elementor-hidden-tablet elementor-widget elementor-widget-image\" data-id=\"e231529\" data-element_type=\"widget\" data-e-type=\"widget\" data-widget_type=\"image.default\">\n\t\t\t\t<div class=\"elementor-widget-container\">\n\t\t\t\t\t\t\t\t\t\t\t\t\t\t\t<img fetchpriority=\"high\" decoding=\"async\" width=\"640\" height=\"427\" src=\"https:\/\/polaris-con.de\/wp-content\/uploads\/2025\/03\/PO24_RO_111024_00731-1024x683.jpg\" class=\"attachment-large size-large wp-image-30933\" alt=\"Foto von einem Gast, der eine Brettspiel-Figur bemalt.\" srcset=\"https:\/\/polaris-con.de\/wp-content\/uploads\/2025\/03\/PO24_RO_111024_00731-1024x683.jpg 1024w, https:\/\/polaris-con.de\/wp-content\/uploads\/2025\/03\/PO24_RO_111024_00731-300x200.jpg 300w, https:\/\/polaris-con.de\/wp-content\/uploads\/2025\/03\/PO24_RO_111024_00731-768x512.jpg 768w, https:\/\/polaris-con.de\/wp-content\/uploads\/2025\/03\/PO24_RO_111024_00731-1536x1024.jpg 1536w, https:\/\/polaris-con.de\/wp-content\/uploads\/2025\/03\/PO24_RO_111024_00731-2048x1365.jpg 2048w, https:\/\/polaris-con.de\/wp-content\/uploads\/2025\/03\/PO24_RO_111024_00731-18x12.jpg 18w\" sizes=\"(max-width: 640px) 100vw, 640px\" \/>\t\t\t\t\t\t\t\t\t\t\t\t\t\t\t<\/div>\n\t\t\t\t<\/div>\n\t\t\t\t<\/div>\n\t\t<div class=\"elementor-element elementor-element-8cc1557 e-con-full e-flex e-con e-child\" data-id=\"8cc1557\" data-element_type=\"container\" data-e-type=\"container\" data-settings=\"{&quot;background_background&quot;:&quot;classic&quot;}\">\n\t\t\t\t<div class=\"elementor-element elementor-element-ff6cdce elementor-widget elementor-widget-heading\" data-id=\"ff6cdce\" data-element_type=\"widget\" data-e-type=\"widget\" data-widget_type=\"heading.default\">\n\t\t\t\t<div class=\"elementor-widget-container\">\n\t\t\t\t\t<h4 class=\"elementor-heading-title elementor-size-default\">Neues Highlight: Workshops!<\/h4>\t\t\t\t<\/div>\n\t\t\t\t<\/div>\n\t\t\t\t<div class=\"elementor-element elementor-element-81475fe elementor-widget elementor-widget-text-editor\" data-id=\"81475fe\" data-element_type=\"widget\" data-e-type=\"widget\" data-widget_type=\"text-editor.default\">\n\t\t\t\t<div class=\"elementor-widget-container\">\n\t\t\t\t\t\t\t\t\t<p style=\"text-align: left;\">Ihr wolltet schon immer mal kreative Hobbies ausprobieren aber traut euch nicht zu, den ersten Schritt ohne Hilfe zu meistern? Dann sind die Workshops genau richtig, hier kannst du nicht nur dem Wissen von Experten der Szene lauschen sondern auch direkt mitmachen und lernen!<\/p>\t\t\t\t\t\t\t\t<\/div>\n\t\t\t\t<\/div>\n\t\t\t\t<\/div>\n\t\t\t\t<\/div>\n\t\t\t\t\t<\/div>\n\t\t\t\t<\/div>\n\t\t<div class=\"elementor-element elementor-element-8c72a8e elementor-hidden-desktop elementor-hidden-tablet elementor-hidden-mobile e-flex e-con-boxed e-con e-parent\" data-id=\"8c72a8e\" data-element_type=\"container\" data-e-type=\"container\">\n\t\t\t\t\t<div class=\"e-con-inner\">\n\t\t\t\t<div class=\"elementor-element elementor-element-dfda925 elementor-widget elementor-widget-spacer\" data-id=\"dfda925\" data-element_type=\"widget\" data-e-type=\"widget\" data-widget_type=\"spacer.default\">\n\t\t\t\t<div class=\"elementor-widget-container\">\n\t\t\t\t\t\t\t<div class=\"elementor-spacer\">\n\t\t\t<div class=\"elementor-spacer-inner\"><\/div>\n\t\t<\/div>\n\t\t\t\t\t\t<\/div>\n\t\t\t\t<\/div>\n\t\t<div class=\"elementor-element elementor-element-b724ddc e-con-full elementor-hidden-mobile e-flex e-con e-child\" data-id=\"b724ddc\" data-element_type=\"container\" data-e-type=\"container\" data-settings=\"{&quot;background_background&quot;:&quot;classic&quot;}\">\n\t\t\t\t<\/div>\n\t\t\t\t\t<\/div>\n\t\t\t\t<\/div>\n\t\t<div class=\"elementor-element elementor-element-e3b369e e-flex e-con-boxed e-con e-parent\" data-id=\"e3b369e\" data-element_type=\"container\" data-e-type=\"container\">\n\t\t\t\t\t<div class=\"e-con-inner\">\n\t\t\t\t<div class=\"elementor-element elementor-element-833cb53 elementor-widget elementor-widget-spacer\" data-id=\"833cb53\" data-element_type=\"widget\" data-e-type=\"widget\" data-widget_type=\"spacer.default\">\n\t\t\t\t<div class=\"elementor-widget-container\">\n\t\t\t\t\t\t\t<div class=\"elementor-spacer\">\n\t\t\t<div class=\"elementor-spacer-inner\"><\/div>\n\t\t<\/div>\n\t\t\t\t\t\t<\/div>\n\t\t\t\t<\/div>\n\t\t\t\t\t<\/div>\n\t\t\t\t<\/div>\n\t\t\t\t<\/div>\n\t\t","protected":false},"excerpt":{"rendered":"<p>Cosplay Area Bewerbt euch jetzt f\u00fcr die limitierten Cosplay-Pakete und werdet Cosplay-Aussteller:in! Auf der POLARIS wird ein Ausstellungsbereich speziell f\u00fcr Cosplayer:innen in unserer Cosplay Area gestaltet. Euren Stand k\u00f6nnt ihr als Treffpunkt f\u00fcr die Community nutzen und zeitgleich Merchandise oder&#8230;<\/p>\n","protected":false},"author":12,"featured_media":0,"parent":30737,"menu_order":0,"comment_status":"closed","ping_status":"closed","template":"","meta":{"footnotes":""},"class_list":["post-30754","page","type-page","status-publish","hentry"],"yoast_head":"<!-- This site is optimized with the Yoast SEO plugin v27.3 - https:\/\/yoast.com\/product\/yoast-seo-wordpress\/ -->\n<title>Cosplay Area - POLARIS<\/title>\n<meta name=\"robots\" content=\"index, follow, max-snippet:-1, max-image-preview:large, max-video-preview:-1\" \/>\n<link rel=\"canonical\" href=\"https:\/\/polaris-con.de\/de_de\/fuer-besuchende\/unsere-areas\/cosplay-area\/\" \/>\n<meta property=\"og:locale\" content=\"de_DE\" \/>\n<meta property=\"og:type\" content=\"article\" \/>\n<meta property=\"og:title\" content=\"Cosplay Area - POLARIS\" \/>\n<meta property=\"og:description\" content=\"Cosplay Area Bewerbt euch jetzt f\u00fcr die limitierten Cosplay-Pakete und werdet Cosplay-Aussteller:in! Auf der POLARIS wird ein Ausstellungsbereich speziell f\u00fcr Cosplayer:innen in unserer Cosplay Area gestaltet. Euren Stand k\u00f6nnt ihr als Treffpunkt f\u00fcr die Community nutzen und zeitgleich Merchandise oder...\" \/>\n<meta property=\"og:url\" content=\"https:\/\/polaris-con.de\/de_de\/fuer-besuchende\/unsere-areas\/cosplay-area\/\" \/>\n<meta property=\"og:site_name\" content=\"POLARIS\" \/>\n<meta property=\"article:modified_time\" content=\"2025-11-13T13:56:43+00:00\" \/>\n<meta property=\"og:image\" content=\"https:\/\/polaris-con.de\/wp-content\/uploads\/2025\/03\/PO24_RO_111024_00731-scaled.jpg\" \/>\n\t<meta property=\"og:image:width\" content=\"2560\" \/>\n\t<meta property=\"og:image:height\" content=\"1707\" \/>\n\t<meta property=\"og:image:type\" content=\"image\/jpeg\" \/>\n<meta name=\"twitter:card\" content=\"summary_large_image\" \/>\n<meta name=\"twitter:label1\" content=\"Gesch\u00e4tzte Lesezeit\" \/>\n\t<meta name=\"twitter:data1\" content=\"3\u00a0Minuten\" \/>\n<script type=\"application\/ld+json\" class=\"yoast-schema-graph\">{\"@context\":\"https:\\\/\\\/schema.org\",\"@graph\":[{\"@type\":\"WebPage\",\"@id\":\"https:\\\/\\\/polaris-con.de\\\/fuer-besuchende\\\/unsere-areas\\\/cosplay-area\\\/\",\"url\":\"https:\\\/\\\/polaris-con.de\\\/fuer-besuchende\\\/unsere-areas\\\/cosplay-area\\\/\",\"name\":\"Cosplay Area - POLARIS\",\"isPartOf\":{\"@id\":\"https:\\\/\\\/polaris-con.de\\\/de_de\\\/#website\"},\"primaryImageOfPage\":{\"@id\":\"https:\\\/\\\/polaris-con.de\\\/fuer-besuchende\\\/unsere-areas\\\/cosplay-area\\\/#primaryimage\"},\"image\":{\"@id\":\"https:\\\/\\\/polaris-con.de\\\/fuer-besuchende\\\/unsere-areas\\\/cosplay-area\\\/#primaryimage\"},\"thumbnailUrl\":\"https:\\\/\\\/polaris-con.de\\\/wp-content\\\/uploads\\\/2025\\\/03\\\/PO24_RO_111024_00731-1024x683.jpg\",\"datePublished\":\"2025-03-12T15:03:09+00:00\",\"dateModified\":\"2025-11-13T13:56:43+00:00\",\"breadcrumb\":{\"@id\":\"https:\\\/\\\/polaris-con.de\\\/fuer-besuchende\\\/unsere-areas\\\/cosplay-area\\\/#breadcrumb\"},\"inLanguage\":\"de\",\"potentialAction\":[{\"@type\":\"ReadAction\",\"target\":[\"https:\\\/\\\/polaris-con.de\\\/fuer-besuchende\\\/unsere-areas\\\/cosplay-area\\\/\"]}]},{\"@type\":\"ImageObject\",\"inLanguage\":\"de\",\"@id\":\"https:\\\/\\\/polaris-con.de\\\/fuer-besuchende\\\/unsere-areas\\\/cosplay-area\\\/#primaryimage\",\"url\":\"https:\\\/\\\/polaris-con.de\\\/wp-content\\\/uploads\\\/2025\\\/03\\\/PO24_RO_111024_00731-1024x683.jpg\",\"contentUrl\":\"https:\\\/\\\/polaris-con.de\\\/wp-content\\\/uploads\\\/2025\\\/03\\\/PO24_RO_111024_00731-1024x683.jpg\"},{\"@type\":\"BreadcrumbList\",\"@id\":\"https:\\\/\\\/polaris-con.de\\\/fuer-besuchende\\\/unsere-areas\\\/cosplay-area\\\/#breadcrumb\",\"itemListElement\":[{\"@type\":\"ListItem\",\"position\":1,\"name\":\"F\u00fcr Besuchende\",\"item\":\"https:\\\/\\\/polaris-con.de\\\/fuer-besuchende\\\/\"},{\"@type\":\"ListItem\",\"position\":2,\"name\":\"Unsere Areas\",\"item\":\"https:\\\/\\\/polaris-con.de\\\/fuer-besuchende\\\/unsere-areas\\\/\"},{\"@type\":\"ListItem\",\"position\":3,\"name\":\"Cosplay Area\"}]},{\"@type\":\"WebSite\",\"@id\":\"https:\\\/\\\/polaris-con.de\\\/de_de\\\/#website\",\"url\":\"https:\\\/\\\/polaris-con.de\\\/de_de\\\/\",\"name\":\"POLARIS\",\"description\":\"Dein Community-Universum\",\"potentialAction\":[{\"@type\":\"SearchAction\",\"target\":{\"@type\":\"EntryPoint\",\"urlTemplate\":\"https:\\\/\\\/polaris-con.de\\\/de_de\\\/?s={search_term_string}\"},\"query-input\":{\"@type\":\"PropertyValueSpecification\",\"valueRequired\":true,\"valueName\":\"search_term_string\"}}],\"inLanguage\":\"de\"}]}<\/script>\n<!-- \/ Yoast SEO plugin. -->","yoast_head_json":{"title":"Cosplay Area - POLARIS","robots":{"index":"index","follow":"follow","max-snippet":"max-snippet:-1","max-image-preview":"max-image-preview:large","max-video-preview":"max-video-preview:-1"},"canonical":"https:\/\/polaris-con.de\/de_de\/fuer-besuchende\/unsere-areas\/cosplay-area\/","og_locale":"de_DE","og_type":"article","og_title":"Cosplay Area - POLARIS","og_description":"Cosplay Area Bewerbt euch jetzt f\u00fcr die limitierten Cosplay-Pakete und werdet Cosplay-Aussteller:in! Auf der POLARIS wird ein Ausstellungsbereich speziell f\u00fcr Cosplayer:innen in unserer Cosplay Area gestaltet. Euren Stand k\u00f6nnt ihr als Treffpunkt f\u00fcr die Community nutzen und zeitgleich Merchandise oder...","og_url":"https:\/\/polaris-con.de\/de_de\/fuer-besuchende\/unsere-areas\/cosplay-area\/","og_site_name":"POLARIS","article_modified_time":"2025-11-13T13:56:43+00:00","og_image":[{"width":2560,"height":1707,"url":"https:\/\/polaris-con.de\/wp-content\/uploads\/2025\/03\/PO24_RO_111024_00731-scaled.jpg","type":"image\/jpeg"}],"twitter_card":"summary_large_image","twitter_misc":{"Gesch\u00e4tzte Lesezeit":"3\u00a0Minuten"},"schema":{"@context":"https:\/\/schema.org","@graph":[{"@type":"WebPage","@id":"https:\/\/polaris-con.de\/fuer-besuchende\/unsere-areas\/cosplay-area\/","url":"https:\/\/polaris-con.de\/fuer-besuchende\/unsere-areas\/cosplay-area\/","name":"Cosplay Area - POLARIS","isPartOf":{"@id":"https:\/\/polaris-con.de\/de_de\/#website"},"primaryImageOfPage":{"@id":"https:\/\/polaris-con.de\/fuer-besuchende\/unsere-areas\/cosplay-area\/#primaryimage"},"image":{"@id":"https:\/\/polaris-con.de\/fuer-besuchende\/unsere-areas\/cosplay-area\/#primaryimage"},"thumbnailUrl":"https:\/\/polaris-con.de\/wp-content\/uploads\/2025\/03\/PO24_RO_111024_00731-1024x683.jpg","datePublished":"2025-03-12T15:03:09+00:00","dateModified":"2025-11-13T13:56:43+00:00","breadcrumb":{"@id":"https:\/\/polaris-con.de\/fuer-besuchende\/unsere-areas\/cosplay-area\/#breadcrumb"},"inLanguage":"de","potentialAction":[{"@type":"ReadAction","target":["https:\/\/polaris-con.de\/fuer-besuchende\/unsere-areas\/cosplay-area\/"]}]},{"@type":"ImageObject","inLanguage":"de","@id":"https:\/\/polaris-con.de\/fuer-besuchende\/unsere-areas\/cosplay-area\/#primaryimage","url":"https:\/\/polaris-con.de\/wp-content\/uploads\/2025\/03\/PO24_RO_111024_00731-1024x683.jpg","contentUrl":"https:\/\/polaris-con.de\/wp-content\/uploads\/2025\/03\/PO24_RO_111024_00731-1024x683.jpg"},{"@type":"BreadcrumbList","@id":"https:\/\/polaris-con.de\/fuer-besuchende\/unsere-areas\/cosplay-area\/#breadcrumb","itemListElement":[{"@type":"ListItem","position":1,"name":"F\u00fcr Besuchende","item":"https:\/\/polaris-con.de\/fuer-besuchende\/"},{"@type":"ListItem","position":2,"name":"Unsere Areas","item":"https:\/\/polaris-con.de\/fuer-besuchende\/unsere-areas\/"},{"@type":"ListItem","position":3,"name":"Cosplay Area"}]},{"@type":"WebSite","@id":"https:\/\/polaris-con.de\/de_de\/#website","url":"https:\/\/polaris-con.de\/de_de\/","name":"POLARIS","description":"Dein Community-Universum","potentialAction":[{"@type":"SearchAction","target":{"@type":"EntryPoint","urlTemplate":"https:\/\/polaris-con.de\/de_de\/?s={search_term_string}"},"query-input":{"@type":"PropertyValueSpecification","valueRequired":true,"valueName":"search_term_string"}}],"inLanguage":"de"}]}},"_links":{"self":[{"href":"https:\/\/polaris-con.de\/de_de\/wp-json\/wp\/v2\/pages\/30754","targetHints":{"allow":["GET"]}}],"collection":[{"href":"https:\/\/polaris-con.de\/de_de\/wp-json\/wp\/v2\/pages"}],"about":[{"href":"https:\/\/polaris-con.de\/de_de\/wp-json\/wp\/v2\/types\/page"}],"author":[{"embeddable":true,"href":"https:\/\/polaris-con.de\/de_de\/wp-json\/wp\/v2\/users\/12"}],"replies":[{"embeddable":true,"href":"https:\/\/polaris-con.de\/de_de\/wp-json\/wp\/v2\/comments?post=30754"}],"version-history":[{"count":273,"href":"https:\/\/polaris-con.de\/de_de\/wp-json\/wp\/v2\/pages\/30754\/revisions"}],"predecessor-version":[{"id":50688,"href":"https:\/\/polaris-con.de\/de_de\/wp-json\/wp\/v2\/pages\/30754\/revisions\/50688"}],"up":[{"embeddable":true,"href":"https:\/\/polaris-con.de\/de_de\/wp-json\/wp\/v2\/pages\/30737"}],"wp:attachment":[{"href":"https:\/\/polaris-con.de\/de_de\/wp-json\/wp\/v2\/media?parent=30754"}],"curies":[{"name":"wp","href":"https:\/\/api.w.org\/{rel}","templated":true}]}}