{"id":36277,"date":"2025-03-25T19:21:35","date_gmt":"2025-03-25T17:21:35","guid":{"rendered":"https:\/\/polaris-wp-staging.super-crowd.com\/?page_id=36277"},"modified":"2025-10-03T23:54:04","modified_gmt":"2025-10-03T21:54:04","slug":"safer-space-policy","status":"publish","type":"page","link":"https:\/\/polaris-con.de\/de_de\/safer-space-policy\/","title":{"rendered":"Safer Space Policy"},"content":{"rendered":"\t\t<div data-elementor-type=\"wp-page\" data-elementor-id=\"36277\" class=\"elementor elementor-36277\" data-elementor-post-type=\"page\">\n\t\t\t\t<div class=\"elementor-element elementor-element-0d27046 e-con-full e-flex e-con e-parent\" data-id=\"0d27046\" data-element_type=\"container\" data-e-type=\"container\" data-settings=\"{&quot;background_background&quot;:&quot;classic&quot;}\">\n\t\t<div class=\"elementor-element elementor-element-f7d9af2 e-con-full e-flex e-con e-child\" data-id=\"f7d9af2\" data-element_type=\"container\" data-e-type=\"container\">\n\t\t\t\t<div class=\"elementor-element elementor-element-0988dfe elementor-widget elementor-widget-pix-text\" data-id=\"0988dfe\" data-element_type=\"widget\" data-e-type=\"widget\" data-widget_type=\"pix-text.default\">\n\t\t\t\t<div class=\"elementor-widget-container\">\n\t\t\t\t\t<div class=\"pix-el-text w-100 text-center \" ><p class=\"resp-option text-center \"><p>Safer Space Policy<\/p><\/p><\/div>\t\t\t\t<\/div>\n\t\t\t\t<\/div>\n\t\t\t\t<\/div>\n\t\t\t\t<\/div>\n\t\t<div class=\"elementor-element elementor-element-4cadf58 e-con-full e-flex e-con e-parent\" data-id=\"4cadf58\" data-element_type=\"container\" data-e-type=\"container\" data-settings=\"{&quot;background_background&quot;:&quot;classic&quot;}\">\n\t\t<div class=\"elementor-element elementor-element-d029e80 e-con-full e-flex e-con e-child\" data-id=\"d029e80\" data-element_type=\"container\" data-e-type=\"container\">\n\t\t\t\t<div class=\"elementor-element elementor-element-a8c0de6 elementor-widget elementor-widget-pix-text\" data-id=\"a8c0de6\" data-element_type=\"widget\" data-e-type=\"widget\" data-widget_type=\"pix-text.default\">\n\t\t\t\t<div class=\"elementor-widget-container\">\n\t\t\t\t\t<div class=\"pix-el-text w-100 text-center \" ><p class=\"resp-option text-center \"><p>Euer sicherer Ort<br \/>auf der POLARIS<\/p><\/p><\/div>\t\t\t\t<\/div>\n\t\t\t\t<\/div>\n\t\t\t\t<\/div>\n\t\t\t\t<\/div>\n\t\t<div class=\"elementor-element elementor-element-e629ce7 e-flex e-con-boxed e-con e-parent\" data-id=\"e629ce7\" data-element_type=\"container\" data-e-type=\"container\" data-settings=\"{&quot;background_background&quot;:&quot;classic&quot;}\">\n\t\t\t\t\t<div class=\"e-con-inner\">\n\t\t<div class=\"elementor-element elementor-element-fd80255 e-con-full e-flex e-con e-child\" data-id=\"fd80255\" data-element_type=\"container\" data-e-type=\"container\">\n\t\t<div class=\"elementor-element elementor-element-24cc398 e-con-full e-flex e-con e-child\" data-id=\"24cc398\" data-element_type=\"container\" data-e-type=\"container\" data-settings=\"{&quot;background_background&quot;:&quot;classic&quot;}\">\n\t\t\t\t<div class=\"elementor-element elementor-element-4750c0b elementor-widget elementor-widget-heading\" data-id=\"4750c0b\" data-element_type=\"widget\" data-e-type=\"widget\" data-widget_type=\"heading.default\">\n\t\t\t\t<div class=\"elementor-widget-container\">\n\t\t\t\t\t<h4 class=\"elementor-heading-title elementor-size-default\">Euer Safer Space<\/h4>\t\t\t\t<\/div>\n\t\t\t\t<\/div>\n\t\t\t\t<div class=\"elementor-element elementor-element-e010afd elementor-widget elementor-widget-text-editor\" data-id=\"e010afd\" data-element_type=\"widget\" data-e-type=\"widget\" data-widget_type=\"text-editor.default\">\n\t\t\t\t<div class=\"elementor-widget-container\">\n\t\t\t\t\t\t\t\t\t<p>Die POLARIS soll ein sicherer und wertsch\u00e4tzender Raum f\u00fcr alle sein, besonders weil unsere Community so bunt ist, m\u00f6chten wir euch einen Safer Space bieten. Aus diesem Grund\u00a0Deshalb dulden wir kein diskriminierendes, \u00fcbergriffiges oder bel\u00e4stigendes Verhalten. Der Schutz und das Wohlbefinden aller Anwesenden stehen f\u00fcr uns an erster Stelle.<\/p><p>Neben unseren bereits bekannten Safe Words f\u00fcr eine diskrete Frage nach Hilfe bem\u00fchen wir uns au\u00dferdem darum, das Sortiment aller Ausstellenden auf Regelkonformit\u00e4t zu kontrollieren, und bei Regelverst\u00f6\u00dfen direkt handeln zu k\u00f6nnen.<\/p><p>Solltet ihr als Besuchende oder Ausstellende Regelverst\u00f6\u00dfe erkennen, kommt jederzeit auf uns an unserer Info in der Halle B1 zu!<\/p>\t\t\t\t\t\t\t\t<\/div>\n\t\t\t\t<\/div>\n\t\t\t\t<\/div>\n\t\t\t\t<\/div>\n\t\t<div class=\"elementor-element elementor-element-4fb7198 e-con-full e-flex e-con e-child\" data-id=\"4fb7198\" data-element_type=\"container\" data-e-type=\"container\">\n\t\t<div class=\"elementor-element elementor-element-6feee25 e-con-full e-flex e-con e-child\" data-id=\"6feee25\" data-element_type=\"container\" data-e-type=\"container\" data-settings=\"{&quot;background_background&quot;:&quot;classic&quot;}\">\n\t\t\t\t<div class=\"elementor-element elementor-element-968bd36 elementor-widget elementor-widget-heading\" data-id=\"968bd36\" data-element_type=\"widget\" data-e-type=\"widget\" data-widget_type=\"heading.default\">\n\t\t\t\t<div class=\"elementor-widget-container\">\n\t\t\t\t\t<h4 class=\"elementor-heading-title elementor-size-default\">Safe Words: \"Kartoffelbrei\" \/ \"Abenteuerland\"<\/h4>\t\t\t\t<\/div>\n\t\t\t\t<\/div>\n\t\t\t\t<div class=\"elementor-element elementor-element-56c4cd5 elementor-widget elementor-widget-text-editor\" data-id=\"56c4cd5\" data-element_type=\"widget\" data-e-type=\"widget\" data-widget_type=\"text-editor.default\">\n\t\t\t\t<div class=\"elementor-widget-container\">\n\t\t\t\t\t\t\t\t\t<p>Besonders in der N\u00e4he fremder Menschen kann es schwer fallen die richtigen Worte zu finden um nach Hilfe zu fragen, daher haben wir das Prinzip von bereits bekannten Codes wie &#8222;Ist Luisa da?&#8220; \u00fcbernommen und f\u00fcr unsere Community angepasst um in jeder Situation diskret nach Hilfe fragen zu k\u00f6nnen.<\/p><p>Mit diesen Fragen\/Begriffen k\u00f6nnt ihr euch jederzeit an unser Sicherheitspersonal oder unsere\u00a0 Mitarbeitenden sowie Volunteers wenden, um schnell und unkompliziert aus der Situation gebracht zu werden.<br data-start=\"173\" data-end=\"176\" \/>Ihr habt etwas Merkw\u00fcrdiges beobachtet? Ihr f\u00fchlt euch unwohl, bedr\u00e4ngt oder bel\u00e4stigt? Die Menschenmenge wird euch zu viel? Ihr wurdet (verbal oder k\u00f6rperlich) angegriffen?<\/p><p><strong>Unsere Safe Words der vergangenen Jahre:<\/strong><br \/>\u201eGibt es hier Kartoffelbrei?\u201c<br \/>&#8222;Wo geht es hier zum Abenteuerland?&#8220;<\/p>\t\t\t\t\t\t\t\t<\/div>\n\t\t\t\t<\/div>\n\t\t\t\t<\/div>\n\t\t\t\t<\/div>\n\t\t<div class=\"elementor-element elementor-element-d9c7bd7 e-con-full e-flex e-con e-child\" data-id=\"d9c7bd7\" data-element_type=\"container\" data-e-type=\"container\">\n\t\t<div class=\"elementor-element elementor-element-e430f41 e-con-full e-flex e-con e-child\" data-id=\"e430f41\" data-element_type=\"container\" data-e-type=\"container\" data-settings=\"{&quot;background_background&quot;:&quot;classic&quot;}\">\n\t\t\t\t<div class=\"elementor-element elementor-element-3c7c5e0 elementor-widget elementor-widget-heading\" data-id=\"3c7c5e0\" data-element_type=\"widget\" data-e-type=\"widget\" data-widget_type=\"heading.default\">\n\t\t\t\t<div class=\"elementor-widget-container\">\n\t\t\t\t\t<h4 class=\"elementor-heading-title elementor-size-default\">Konsequenzen bei Verst\u00f6\u00dfen<\/h4>\t\t\t\t<\/div>\n\t\t\t\t<\/div>\n\t\t\t\t<div class=\"elementor-element elementor-element-ea6eea6 elementor-widget elementor-widget-text-editor\" data-id=\"ea6eea6\" data-element_type=\"widget\" data-e-type=\"widget\" data-widget_type=\"text-editor.default\">\n\t\t\t\t<div class=\"elementor-widget-container\">\n\t\t\t\t\t\t\t\t\t<p class=\"\" data-start=\"102\" data-end=\"526\">Wir behalten uns das Recht vor, bei Verst\u00f6\u00dfen gegen unsere Safer Space Policy als Veranstalter angemessene Ma\u00dfnahmen zu ergreifen. Diese k\u00f6nnen je nach Situation von einer Verwarnung bis hin zum Ausschluss von aktuellen und zuk\u00fcnftigen Veranstaltungen reichen &#8211; sowohl vor Ort als auch digital. Falls erforderlich, ziehen wir Sicherheitspersonal oder Beh\u00f6rden hinzu und stehen betroffenen Personen unterst\u00fctzend zur Seite.<\/p><p class=\"\" data-start=\"528\" data-end=\"748\">Unser Ziel ist es, eine sichere und respektvolle Umgebung f\u00fcr alle zu schaffen. Damit das gelingt, bitten wir euch, diese Regeln einzuhalten und gemeinsam mit uns einen wertsch\u00e4tzenden und inklusiven Raum zu gestalten.<\/p>\t\t\t\t\t\t\t\t<\/div>\n\t\t\t\t<\/div>\n\t\t\t\t<\/div>\n\t\t\t\t<\/div>\n\t\t<div class=\"elementor-element elementor-element-58f042f e-con-full e-flex e-con e-child\" data-id=\"58f042f\" data-element_type=\"container\" data-e-type=\"container\">\n\t\t\t\t<div class=\"elementor-element elementor-element-b3b9385 elementor-widget elementor-widget-spacer\" data-id=\"b3b9385\" data-element_type=\"widget\" data-e-type=\"widget\" data-widget_type=\"spacer.default\">\n\t\t\t\t<div class=\"elementor-widget-container\">\n\t\t\t\t\t\t\t<div class=\"elementor-spacer\">\n\t\t\t<div class=\"elementor-spacer-inner\"><\/div>\n\t\t<\/div>\n\t\t\t\t\t\t<\/div>\n\t\t\t\t<\/div>\n\t\t\t\t<\/div>\n\t\t\t\t\t<\/div>\n\t\t\t\t<\/div>\n\t\t\t\t<\/div>\n\t\t","protected":false},"excerpt":{"rendered":"<p>Safer Space Policy Euer sicherer Ortauf der POLARIS Euer Safer Space Die POLARIS soll ein sicherer und wertsch\u00e4tzender Raum f\u00fcr alle sein, besonders weil unsere Community so bunt ist, m\u00f6chten wir euch einen Safer Space bieten. Aus diesem Grund\u00a0Deshalb dulden&#8230;<\/p>\n","protected":false},"author":11,"featured_media":0,"parent":0,"menu_order":0,"comment_status":"closed","ping_status":"closed","template":"","meta":{"footnotes":""},"class_list":["post-36277","page","type-page","status-publish","hentry"],"yoast_head":"<!-- This site is optimized with the Yoast SEO plugin v27.3 - https:\/\/yoast.com\/product\/yoast-seo-wordpress\/ -->\n<title>Safer Space Policy - POLARIS<\/title>\n<meta name=\"robots\" content=\"index, follow, max-snippet:-1, max-image-preview:large, max-video-preview:-1\" \/>\n<link rel=\"canonical\" href=\"https:\/\/polaris-con.de\/de_de\/safer-space-policy\/\" \/>\n<meta property=\"og:locale\" content=\"de_DE\" \/>\n<meta property=\"og:type\" content=\"article\" \/>\n<meta property=\"og:title\" content=\"Safer Space Policy - POLARIS\" \/>\n<meta property=\"og:description\" content=\"Safer Space Policy Euer sicherer Ortauf der POLARIS Euer Safer Space Die POLARIS soll ein sicherer und wertsch\u00e4tzender Raum f\u00fcr alle sein, besonders weil unsere Community so bunt ist, m\u00f6chten wir euch einen Safer Space bieten. Aus diesem Grund\u00a0Deshalb dulden...\" \/>\n<meta property=\"og:url\" content=\"https:\/\/polaris-con.de\/de_de\/safer-space-policy\/\" \/>\n<meta property=\"og:site_name\" content=\"POLARIS\" \/>\n<meta property=\"article:modified_time\" content=\"2025-10-03T21:54:04+00:00\" \/>\n<meta name=\"twitter:card\" content=\"summary_large_image\" \/>\n<meta name=\"twitter:label1\" content=\"Gesch\u00e4tzte Lesezeit\" \/>\n\t<meta name=\"twitter:data1\" content=\"3\u00a0Minuten\" \/>\n<script type=\"application\/ld+json\" class=\"yoast-schema-graph\">{\"@context\":\"https:\\\/\\\/schema.org\",\"@graph\":[{\"@type\":\"WebPage\",\"@id\":\"https:\\\/\\\/polaris-con.de\\\/de_de\\\/safer-space-policy\\\/\",\"url\":\"https:\\\/\\\/polaris-con.de\\\/de_de\\\/safer-space-policy\\\/\",\"name\":\"Safer Space Policy - POLARIS\",\"isPartOf\":{\"@id\":\"https:\\\/\\\/polaris-con.de\\\/de_de\\\/#website\"},\"datePublished\":\"2025-03-25T17:21:35+00:00\",\"dateModified\":\"2025-10-03T21:54:04+00:00\",\"inLanguage\":\"de\",\"potentialAction\":[{\"@type\":\"ReadAction\",\"target\":[\"https:\\\/\\\/polaris-con.de\\\/de_de\\\/safer-space-policy\\\/\"]}]},{\"@type\":\"WebSite\",\"@id\":\"https:\\\/\\\/polaris-con.de\\\/de_de\\\/#website\",\"url\":\"https:\\\/\\\/polaris-con.de\\\/de_de\\\/\",\"name\":\"POLARIS\",\"description\":\"Dein Community-Universum\",\"potentialAction\":[{\"@type\":\"SearchAction\",\"target\":{\"@type\":\"EntryPoint\",\"urlTemplate\":\"https:\\\/\\\/polaris-con.de\\\/de_de\\\/?s={search_term_string}\"},\"query-input\":{\"@type\":\"PropertyValueSpecification\",\"valueRequired\":true,\"valueName\":\"search_term_string\"}}],\"inLanguage\":\"de\"}]}<\/script>\n<!-- \/ Yoast SEO plugin. -->","yoast_head_json":{"title":"Safer Space Policy - POLARIS","robots":{"index":"index","follow":"follow","max-snippet":"max-snippet:-1","max-image-preview":"max-image-preview:large","max-video-preview":"max-video-preview:-1"},"canonical":"https:\/\/polaris-con.de\/de_de\/safer-space-policy\/","og_locale":"de_DE","og_type":"article","og_title":"Safer Space Policy - POLARIS","og_description":"Safer Space Policy Euer sicherer Ortauf der POLARIS Euer Safer Space Die POLARIS soll ein sicherer und wertsch\u00e4tzender Raum f\u00fcr alle sein, besonders weil unsere Community so bunt ist, m\u00f6chten wir euch einen Safer Space bieten. Aus diesem Grund\u00a0Deshalb dulden...","og_url":"https:\/\/polaris-con.de\/de_de\/safer-space-policy\/","og_site_name":"POLARIS","article_modified_time":"2025-10-03T21:54:04+00:00","twitter_card":"summary_large_image","twitter_misc":{"Gesch\u00e4tzte Lesezeit":"3\u00a0Minuten"},"schema":{"@context":"https:\/\/schema.org","@graph":[{"@type":"WebPage","@id":"https:\/\/polaris-con.de\/de_de\/safer-space-policy\/","url":"https:\/\/polaris-con.de\/de_de\/safer-space-policy\/","name":"Safer Space Policy - POLARIS","isPartOf":{"@id":"https:\/\/polaris-con.de\/de_de\/#website"},"datePublished":"2025-03-25T17:21:35+00:00","dateModified":"2025-10-03T21:54:04+00:00","inLanguage":"de","potentialAction":[{"@type":"ReadAction","target":["https:\/\/polaris-con.de\/de_de\/safer-space-policy\/"]}]},{"@type":"WebSite","@id":"https:\/\/polaris-con.de\/de_de\/#website","url":"https:\/\/polaris-con.de\/de_de\/","name":"POLARIS","description":"Dein Community-Universum","potentialAction":[{"@type":"SearchAction","target":{"@type":"EntryPoint","urlTemplate":"https:\/\/polaris-con.de\/de_de\/?s={search_term_string}"},"query-input":{"@type":"PropertyValueSpecification","valueRequired":true,"valueName":"search_term_string"}}],"inLanguage":"de"}]}},"_links":{"self":[{"href":"https:\/\/polaris-con.de\/de_de\/wp-json\/wp\/v2\/pages\/36277","targetHints":{"allow":["GET"]}}],"collection":[{"href":"https:\/\/polaris-con.de\/de_de\/wp-json\/wp\/v2\/pages"}],"about":[{"href":"https:\/\/polaris-con.de\/de_de\/wp-json\/wp\/v2\/types\/page"}],"author":[{"embeddable":true,"href":"https:\/\/polaris-con.de\/de_de\/wp-json\/wp\/v2\/users\/11"}],"replies":[{"embeddable":true,"href":"https:\/\/polaris-con.de\/de_de\/wp-json\/wp\/v2\/comments?post=36277"}],"version-history":[{"count":25,"href":"https:\/\/polaris-con.de\/de_de\/wp-json\/wp\/v2\/pages\/36277\/revisions"}],"predecessor-version":[{"id":47414,"href":"https:\/\/polaris-con.de\/de_de\/wp-json\/wp\/v2\/pages\/36277\/revisions\/47414"}],"wp:attachment":[{"href":"https:\/\/polaris-con.de\/de_de\/wp-json\/wp\/v2\/media?parent=36277"}],"curies":[{"name":"wp","href":"https:\/\/api.w.org\/{rel}","templated":true}]}}