{"id":47339,"date":"2025-10-03T21:52:56","date_gmt":"2025-10-03T19:52:56","guid":{"rendered":"https:\/\/polaris-con.de\/?page_id=47339"},"modified":"2026-03-06T10:36:58","modified_gmt":"2026-03-06T08:36:58","slug":"unser-merchandise","status":"publish","type":"page","link":"https:\/\/polaris-con.de\/de_de_de\/fuer-besuchende\/unser-merchandise\/","title":{"rendered":"Unser Merchandise"},"content":{"rendered":"<div data-elementor-type=\"wp-page\" data-elementor-id=\"47339\" class=\"elementor elementor-47339\" data-elementor-post-type=\"page\">\n\t\t\t\t<div class=\"elementor-element elementor-element-6867b7a e-con-full e-flex e-con e-parent\" data-id=\"6867b7a\" data-element_type=\"container\" data-e-type=\"container\" data-settings=\"{&quot;background_background&quot;:&quot;classic&quot;}\">\n\t\t<div class=\"elementor-element elementor-element-67e35ce e-con-full e-flex e-con e-child\" data-id=\"67e35ce\" data-element_type=\"container\" data-e-type=\"container\">\n\t\t\t\t<div class=\"elementor-element elementor-element-ca29d38 elementor-widget elementor-widget-pix-text\" data-id=\"ca29d38\" data-element_type=\"widget\" data-e-type=\"widget\" data-widget_type=\"pix-text.default\">\n\t\t\t\t<div class=\"elementor-widget-container\">\n\t\t\t\t\t<div class=\"pix-el-text w-100 text-center\" ><p class=\"resp-option text-center\"><p>Unser Merchandise<\/p><\/p><\/div>\t\t\t\t<\/div>\n\t\t\t\t<\/div>\n\t\t\t\t<\/div>\n\t\t\t\t<\/div>\n\t\t<div class=\"elementor-element elementor-element-7db102a e-flex e-con-boxed e-con e-parent\" data-id=\"7db102a\" data-element_type=\"container\" data-e-type=\"container\" data-settings=\"{&quot;background_background&quot;:&quot;classic&quot;}\">\n\t\t\t\t\t<div class=\"e-con-inner\">\n\t\t<div class=\"elementor-element elementor-element-39e2bda e-con-full e-flex e-con e-child\" data-id=\"39e2bda\" data-element_type=\"container\" data-e-type=\"container\">\n\t\t<div class=\"elementor-element elementor-element-09e7540 e-con-full e-flex e-con e-child\" data-id=\"09e7540\" data-element_type=\"container\" data-e-type=\"container\" data-settings=\"{&quot;background_background&quot;:&quot;classic&quot;}\">\n\t\t\t\t<div class=\"elementor-element elementor-element-25ed7c2 elementor-widget elementor-widget-heading\" data-id=\"25ed7c2\" data-element_type=\"widget\" data-e-type=\"widget\" data-widget_type=\"heading.default\">\n\t\t\t\t<div class=\"elementor-widget-container\">\n\t\t\t\t\t<h4 class=\"elementor-heading-title elementor-size-default\">POLARIS x GRNK<\/h4>\t\t\t\t<\/div>\n\t\t\t\t<\/div>\n\t\t\t\t<div class=\"elementor-element elementor-element-fff109a elementor-widget elementor-widget-text-editor\" data-id=\"fff109a\" data-element_type=\"widget\" data-e-type=\"widget\" data-widget_type=\"text-editor.default\">\n\t\t\t\t<div class=\"elementor-widget-container\">\n\t\t\t\t\t\t\t\t\t<p>Auch in diesem Jahr freuen wir uns, gemeinsam mit dem GRNK-Shop wieder exklusives POLARIS-Merchandise anbieten zu k\u00f6nnen! Sobald wir unser neues Angebot mit euch teilen k\u00f6nnen, werdet ihr hier die neuen Pieces finden. Bis dahin k\u00f6nnt ihr euch anschauen was wir im letzten Jahr angeboten haben!<\/p>\t\t\t\t\t\t\t\t<\/div>\n\t\t\t\t<\/div>\n\t\t\t\t<\/div>\n\t\t\t\t<\/div>\n\t\t<div class=\"elementor-element elementor-element-42244db e-con-full e-flex e-con e-child\" data-id=\"42244db\" data-element_type=\"container\" data-e-type=\"container\">\n\t\t<div class=\"elementor-element elementor-element-297a2e2 e-con-full e-flex e-con e-child\" data-id=\"297a2e2\" data-element_type=\"container\" data-e-type=\"container\" data-settings=\"{&quot;background_background&quot;:&quot;classic&quot;}\">\n\t\t\t\t<div class=\"elementor-element elementor-element-b7beffb elementor-widget__width-initial elementor-widget elementor-widget-pix-img\" data-id=\"b7beffb\" data-element_type=\"widget\" data-e-type=\"widget\" data-widget_type=\"pix-img.default\">\n\t\t\t\t<div class=\"elementor-widget-container\">\n\t\t\t\t\t<div id=\"el-b7beffb\" class=\"pix-img-element d-inline-block\" ><div class=\"pix-img-el     d-inline-block  w-100 rounded\"  ><img fetchpriority=\"high\" decoding=\"async\" width=\"864\" height=\"1080\" src=\"https:\/\/polaris-con.de\/wp-content\/uploads\/2025\/10\/Shirt25.png\" class=\"pix-img-elem rounded\" alt=\"Image link\" srcset=\"https:\/\/polaris-con.de\/wp-content\/uploads\/2025\/10\/Shirt25.png 864w, https:\/\/polaris-con.de\/wp-content\/uploads\/2025\/10\/Shirt25-240x300.png 240w, https:\/\/polaris-con.de\/wp-content\/uploads\/2025\/10\/Shirt25-819x1024.png 819w, https:\/\/polaris-con.de\/wp-content\/uploads\/2025\/10\/Shirt25-768x960.png 768w, https:\/\/polaris-con.de\/wp-content\/uploads\/2025\/10\/Shirt25-10x12.png 10w\" sizes=\"(max-width: 864px) 100vw, 864px\" \/><\/div><\/div>\t\t\t\t<\/div>\n\t\t\t\t<\/div>\n\t\t\t\t<div class=\"elementor-element elementor-element-5b22c44 elementor-widget elementor-widget-heading\" data-id=\"5b22c44\" data-element_type=\"widget\" data-e-type=\"widget\" data-widget_type=\"heading.default\">\n\t\t\t\t<div class=\"elementor-widget-container\">\n\t\t\t\t\t<h4 class=\"elementor-heading-title elementor-size-default\">POLARIS Shirt<\/h4>\t\t\t\t<\/div>\n\t\t\t\t<\/div>\n\t\t\t\t<div class=\"elementor-element elementor-element-f0c11ec elementor-widget elementor-widget-text-editor\" data-id=\"f0c11ec\" data-element_type=\"widget\" data-e-type=\"widget\" data-widget_type=\"text-editor.default\">\n\t\t\t\t<div class=\"elementor-widget-container\">\n\t\t\t\t\t\t\t\t\t<p style=\"text-align: left;\">Zeigt eure Liebe zur POLARIS mit dem offiziellen Shirt mit dem diesj\u00e4hrigen Keyart!<\/p>\t\t\t\t\t\t\t\t<\/div>\n\t\t\t\t<\/div>\n\t\t\t\t<div class=\"elementor-element elementor-element-660fe05 elementor-widget elementor-widget-text-editor\" data-id=\"660fe05\" data-element_type=\"widget\" data-e-type=\"widget\" data-widget_type=\"text-editor.default\">\n\t\t\t\t<div class=\"elementor-widget-container\">\n\t\t\t\t\t\t\t\t\t<p><strong>Preis: 25\u20ac<\/strong><\/p><p><strong>Verf\u00fcgbar in den Gr\u00f6\u00dfen: S &#8211; 5XL<\/strong><\/p>\t\t\t\t\t\t\t\t<\/div>\n\t\t\t\t<\/div>\n\t\t\t\t<\/div>\n\t\t<div class=\"elementor-element elementor-element-143ec54 e-con-full e-flex e-con e-child\" data-id=\"143ec54\" data-element_type=\"container\" data-e-type=\"container\" data-settings=\"{&quot;background_background&quot;:&quot;classic&quot;}\">\n\t\t\t\t<div class=\"elementor-element elementor-element-0e01023 elementor-widget__width-initial elementor-widget elementor-widget-pix-img\" data-id=\"0e01023\" data-element_type=\"widget\" data-e-type=\"widget\" data-widget_type=\"pix-img.default\">\n\t\t\t\t<div class=\"elementor-widget-container\">\n\t\t\t\t\t<div id=\"el-0e01023\" class=\"pix-img-element d-inline-block\" ><div class=\"pix-img-el     d-inline-block  w-100 rounded\"  ><img decoding=\"async\" width=\"864\" height=\"1080\" src=\"https:\/\/polaris-con.de\/wp-content\/uploads\/2025\/10\/Jacke25.png\" class=\"pix-img-elem rounded\" alt=\"Image link\" srcset=\"https:\/\/polaris-con.de\/wp-content\/uploads\/2025\/10\/Jacke25.png 864w, https:\/\/polaris-con.de\/wp-content\/uploads\/2025\/10\/Jacke25-240x300.png 240w, https:\/\/polaris-con.de\/wp-content\/uploads\/2025\/10\/Jacke25-819x1024.png 819w, https:\/\/polaris-con.de\/wp-content\/uploads\/2025\/10\/Jacke25-768x960.png 768w, https:\/\/polaris-con.de\/wp-content\/uploads\/2025\/10\/Jacke25-10x12.png 10w\" sizes=\"(max-width: 864px) 100vw, 864px\" \/><\/div><\/div>\t\t\t\t<\/div>\n\t\t\t\t<\/div>\n\t\t\t\t<div class=\"elementor-element elementor-element-2ef85a6 elementor-widget elementor-widget-heading\" data-id=\"2ef85a6\" data-element_type=\"widget\" data-e-type=\"widget\" data-widget_type=\"heading.default\">\n\t\t\t\t<div class=\"elementor-widget-container\">\n\t\t\t\t\t<h4 class=\"elementor-heading-title elementor-size-default\">POLARIS Fliegerjacke<\/h4>\t\t\t\t<\/div>\n\t\t\t\t<\/div>\n\t\t\t\t<div class=\"elementor-element elementor-element-85357b4 elementor-widget elementor-widget-text-editor\" data-id=\"85357b4\" data-element_type=\"widget\" data-e-type=\"widget\" data-widget_type=\"text-editor.default\">\n\t\t\t\t<div class=\"elementor-widget-container\">\n\t\t\t\t\t\t\t\t\t<p style=\"text-align: left;\">Die beliebte Polaris-Jacke ist zur\u00fcck &#8211; im altbew\u00e4hrten Design mit frischem Anstrich: t\u00e4glich nur 50x erh\u00e4ltlich!<\/p>\t\t\t\t\t\t\t\t<\/div>\n\t\t\t\t<\/div>\n\t\t\t\t<div class=\"elementor-element elementor-element-71f2646 elementor-widget elementor-widget-text-editor\" data-id=\"71f2646\" data-element_type=\"widget\" data-e-type=\"widget\" data-widget_type=\"text-editor.default\">\n\t\t\t\t<div class=\"elementor-widget-container\">\n\t\t\t\t\t\t\t\t\t<p><strong>Preis: 99\u20ac<\/strong><\/p><p><strong>Verf\u00fcgbar in den Gr\u00f6\u00dfen: XS &#8211; XXL<\/strong><\/p>\t\t\t\t\t\t\t\t<\/div>\n\t\t\t\t<\/div>\n\t\t\t\t<\/div>\n\t\t\t\t<\/div>\n\t\t<div class=\"elementor-element elementor-element-4d281f2 e-con-full e-flex e-con e-child\" data-id=\"4d281f2\" data-element_type=\"container\" data-e-type=\"container\">\n\t\t<div class=\"elementor-element elementor-element-1d6aff8 e-con-full e-flex e-con e-child\" data-id=\"1d6aff8\" data-element_type=\"container\" data-e-type=\"container\" data-settings=\"{&quot;background_background&quot;:&quot;classic&quot;}\">\n\t\t\t\t<div class=\"elementor-element elementor-element-75741a4 elementor-widget__width-initial elementor-widget elementor-widget-pix-img\" data-id=\"75741a4\" data-element_type=\"widget\" data-e-type=\"widget\" data-widget_type=\"pix-img.default\">\n\t\t\t\t<div class=\"elementor-widget-container\">\n\t\t\t\t\t<div id=\"el-75741a4\" class=\"pix-img-element d-inline-block\" ><div class=\"pix-img-el     d-inline-block  w-100 rounded\"  ><img decoding=\"async\" width=\"864\" height=\"1080\" src=\"https:\/\/polaris-con.de\/wp-content\/uploads\/2025\/10\/NFC-CD-25.png\" class=\"pix-img-elem rounded\" alt=\"Image link\" srcset=\"https:\/\/polaris-con.de\/wp-content\/uploads\/2025\/10\/NFC-CD-25.png 864w, https:\/\/polaris-con.de\/wp-content\/uploads\/2025\/10\/NFC-CD-25-240x300.png 240w, https:\/\/polaris-con.de\/wp-content\/uploads\/2025\/10\/NFC-CD-25-819x1024.png 819w, https:\/\/polaris-con.de\/wp-content\/uploads\/2025\/10\/NFC-CD-25-768x960.png 768w, https:\/\/polaris-con.de\/wp-content\/uploads\/2025\/10\/NFC-CD-25-10x12.png 10w\" sizes=\"(max-width: 864px) 100vw, 864px\" \/><\/div><\/div>\t\t\t\t<\/div>\n\t\t\t\t<\/div>\n\t\t\t\t<div class=\"elementor-element elementor-element-bb62eba elementor-widget elementor-widget-heading\" data-id=\"bb62eba\" data-element_type=\"widget\" data-e-type=\"widget\" data-widget_type=\"heading.default\">\n\t\t\t\t<div class=\"elementor-widget-container\">\n\t\t\t\t\t<h4 class=\"elementor-heading-title elementor-size-default\">NFC - Schl\u00fcsselanh\u00e4nger<\/h4>\t\t\t\t<\/div>\n\t\t\t\t<\/div>\n\t\t\t\t<div class=\"elementor-element elementor-element-6f46514 elementor-widget elementor-widget-text-editor\" data-id=\"6f46514\" data-element_type=\"widget\" data-e-type=\"widget\" data-widget_type=\"text-editor.default\">\n\t\t\t\t<div class=\"elementor-widget-container\">\n\t\t\t\t\t\t\t\t\t<p style=\"text-align: left;\">Ein echtes Sammlerst\u00fcck: der limitierte NFC-Anh\u00e4nger im CD-Look!<br \/>Zuvor nur einmal online im streng limitierten Supporter-Bundle erh\u00e4ltlich und nun ein letztes Mal exklusiv vor Ort auf der POLARIS!<\/p>\t\t\t\t\t\t\t\t<\/div>\n\t\t\t\t<\/div>\n\t\t\t\t<div class=\"elementor-element elementor-element-9e9c738 elementor-widget elementor-widget-text-editor\" data-id=\"9e9c738\" data-element_type=\"widget\" data-e-type=\"widget\" data-widget_type=\"text-editor.default\">\n\t\t\t\t<div class=\"elementor-widget-container\">\n\t\t\t\t\t\t\t\t\t<p style=\"text-align: left;\"><strong>Preis: 15\u20ac<\/strong><\/p>\t\t\t\t\t\t\t\t<\/div>\n\t\t\t\t<\/div>\n\t\t\t\t<\/div>\n\t\t<div class=\"elementor-element elementor-element-745bbbd e-con-full e-flex e-con e-child\" data-id=\"745bbbd\" data-element_type=\"container\" data-e-type=\"container\" data-settings=\"{&quot;background_background&quot;:&quot;classic&quot;}\">\n\t\t\t\t<div class=\"elementor-element elementor-element-8397800 elementor-widget__width-initial elementor-widget elementor-widget-pix-img\" data-id=\"8397800\" data-element_type=\"widget\" data-e-type=\"widget\" data-widget_type=\"pix-img.default\">\n\t\t\t\t<div class=\"elementor-widget-container\">\n\t\t\t\t\t<div id=\"el-8397800\" class=\"pix-img-element d-inline-block\" ><div class=\"pix-img-el     d-inline-block  w-100 rounded\"  ><img loading=\"lazy\" decoding=\"async\" width=\"864\" height=\"1080\" src=\"https:\/\/polaris-con.de\/wp-content\/uploads\/2025\/10\/Pins25.png\" class=\"pix-img-elem rounded\" alt=\"Image link\" srcset=\"https:\/\/polaris-con.de\/wp-content\/uploads\/2025\/10\/Pins25.png 864w, https:\/\/polaris-con.de\/wp-content\/uploads\/2025\/10\/Pins25-240x300.png 240w, https:\/\/polaris-con.de\/wp-content\/uploads\/2025\/10\/Pins25-819x1024.png 819w, https:\/\/polaris-con.de\/wp-content\/uploads\/2025\/10\/Pins25-768x960.png 768w, https:\/\/polaris-con.de\/wp-content\/uploads\/2025\/10\/Pins25-10x12.png 10w\" sizes=\"(max-width: 864px) 100vw, 864px\" \/><\/div><\/div>\t\t\t\t<\/div>\n\t\t\t\t<\/div>\n\t\t\t\t<div class=\"elementor-element elementor-element-6546eb2 elementor-widget elementor-widget-heading\" data-id=\"6546eb2\" data-element_type=\"widget\" data-e-type=\"widget\" data-widget_type=\"heading.default\">\n\t\t\t\t<div class=\"elementor-widget-container\">\n\t\t\t\t\t<h4 class=\"elementor-heading-title elementor-size-default\">Hero Pins<\/h4>\t\t\t\t<\/div>\n\t\t\t\t<\/div>\n\t\t\t\t<div class=\"elementor-element elementor-element-5e979d7 elementor-widget elementor-widget-text-editor\" data-id=\"5e979d7\" data-element_type=\"widget\" data-e-type=\"widget\" data-widget_type=\"text-editor.default\">\n\t\t\t\t<div class=\"elementor-widget-container\">\n\t\t\t\t\t\t\t\t\t<p style=\"text-align: left;\">Neben den altbekannten Designs aus den Vorjahren gibt es nun auch drei\u00a0 brandneue Designs! Darunter auch der diesj\u00e4hrige Specialpin mit Ray&#8217;s Blitz &#8211; das Ray und Maggie nicht fehlen d\u00fcrfen ist ja, klar oder?<\/p>\t\t\t\t\t\t\t\t<\/div>\n\t\t\t\t<\/div>\n\t\t\t\t<div class=\"elementor-element elementor-element-40fa47d elementor-widget elementor-widget-text-editor\" data-id=\"40fa47d\" data-element_type=\"widget\" data-e-type=\"widget\" data-widget_type=\"text-editor.default\">\n\t\t\t\t<div class=\"elementor-widget-container\">\n\t\t\t\t\t\t\t\t\t<p><strong>Preis: je 5\u20ac<\/strong><\/p>\t\t\t\t\t\t\t\t<\/div>\n\t\t\t\t<\/div>\n\t\t\t\t<\/div>\n\t\t\t\t<\/div>\n\t\t\t\t\t<\/div>\n\t\t\t\t<\/div>\n\t\t\t\t<\/div>","protected":false},"excerpt":{"rendered":"<p>Unser Merchandise POLARIS x GRNK Auch in diesem Jahr freuen wir uns, gemeinsam mit dem GRNK-Shop wieder exklusives POLARIS-Merchandise anbieten zu k\u00f6nnen! Sobald wir unser neues Angebot mit euch teilen k\u00f6nnen, werdet ihr hier die neuen Pieces finden. Bis dahin&#8230;<\/p>","protected":false},"author":11,"featured_media":0,"parent":30966,"menu_order":0,"comment_status":"closed","ping_status":"closed","template":"","meta":{"footnotes":""},"class_list":["post-47339","page","type-page","status-publish","hentry"],"yoast_head":"<!-- This site is optimized with the Yoast SEO plugin v27.3 - https:\/\/yoast.com\/product\/yoast-seo-wordpress\/ -->\n<title>Unser Merchandise - POLARIS<\/title>\n<meta name=\"robots\" content=\"index, follow, max-snippet:-1, max-image-preview:large, max-video-preview:-1\" \/>\n<link rel=\"canonical\" href=\"https:\/\/polaris-con.de\/de_de_de\/fuer-besuchende\/unser-merchandise\/\" \/>\n<meta property=\"og:locale\" content=\"de_DE\" \/>\n<meta property=\"og:type\" content=\"article\" \/>\n<meta property=\"og:title\" content=\"Unser Merchandise - POLARIS\" \/>\n<meta property=\"og:description\" content=\"Unser Merchandise POLARIS x GRNK Auch in diesem Jahr freuen wir uns, gemeinsam mit dem GRNK-Shop wieder exklusives POLARIS-Merchandise anbieten zu k\u00f6nnen! Sobald wir unser neues Angebot mit euch teilen k\u00f6nnen, werdet ihr hier die neuen Pieces finden. Bis dahin...\" \/>\n<meta property=\"og:url\" content=\"https:\/\/polaris-con.de\/de_de_de\/fuer-besuchende\/unser-merchandise\/\" \/>\n<meta property=\"og:site_name\" content=\"POLARIS\" \/>\n<meta property=\"article:modified_time\" content=\"2026-03-06T08:36:58+00:00\" \/>\n<meta property=\"og:image\" content=\"https:\/\/polaris-con.de\/wp-content\/uploads\/2025\/10\/Shirt25.png\" \/>\n<meta name=\"twitter:card\" content=\"summary_large_image\" \/>\n<meta name=\"twitter:label1\" content=\"Est. reading time\" \/>\n\t<meta name=\"twitter:data1\" content=\"2 minutes\" \/>\n<script type=\"application\/ld+json\" class=\"yoast-schema-graph\">{\"@context\":\"https:\\\/\\\/schema.org\",\"@graph\":[{\"@type\":\"WebPage\",\"@id\":\"https:\\\/\\\/polaris-con.de\\\/fuer-besuchende\\\/unser-merchandise\\\/\",\"url\":\"https:\\\/\\\/polaris-con.de\\\/fuer-besuchende\\\/unser-merchandise\\\/\",\"name\":\"Unser Merchandise - POLARIS\",\"isPartOf\":{\"@id\":\"https:\\\/\\\/polaris-con.de\\\/de_de\\\/#website\"},\"primaryImageOfPage\":{\"@id\":\"https:\\\/\\\/polaris-con.de\\\/fuer-besuchende\\\/unser-merchandise\\\/#primaryimage\"},\"image\":{\"@id\":\"https:\\\/\\\/polaris-con.de\\\/fuer-besuchende\\\/unser-merchandise\\\/#primaryimage\"},\"thumbnailUrl\":\"https:\\\/\\\/polaris-con.de\\\/wp-content\\\/uploads\\\/2025\\\/10\\\/Shirt25.png\",\"datePublished\":\"2025-10-03T19:52:56+00:00\",\"dateModified\":\"2026-03-06T08:36:58+00:00\",\"breadcrumb\":{\"@id\":\"https:\\\/\\\/polaris-con.de\\\/fuer-besuchende\\\/unser-merchandise\\\/#breadcrumb\"},\"inLanguage\":\"de-de-de\",\"potentialAction\":[{\"@type\":\"ReadAction\",\"target\":[\"https:\\\/\\\/polaris-con.de\\\/fuer-besuchende\\\/unser-merchandise\\\/\"]}]},{\"@type\":\"ImageObject\",\"inLanguage\":\"de-de-de\",\"@id\":\"https:\\\/\\\/polaris-con.de\\\/fuer-besuchende\\\/unser-merchandise\\\/#primaryimage\",\"url\":\"https:\\\/\\\/polaris-con.de\\\/wp-content\\\/uploads\\\/2025\\\/10\\\/Shirt25.png\",\"contentUrl\":\"https:\\\/\\\/polaris-con.de\\\/wp-content\\\/uploads\\\/2025\\\/10\\\/Shirt25.png\"},{\"@type\":\"BreadcrumbList\",\"@id\":\"https:\\\/\\\/polaris-con.de\\\/fuer-besuchende\\\/unser-merchandise\\\/#breadcrumb\",\"itemListElement\":[{\"@type\":\"ListItem\",\"position\":1,\"name\":\"F\u00fcr Besuchende\",\"item\":\"https:\\\/\\\/polaris-con.de\\\/fuer-besuchende\\\/\"},{\"@type\":\"ListItem\",\"position\":2,\"name\":\"Unser Merchandise\"}]},{\"@type\":\"WebSite\",\"@id\":\"https:\\\/\\\/polaris-con.de\\\/de_de\\\/#website\",\"url\":\"https:\\\/\\\/polaris-con.de\\\/de_de\\\/\",\"name\":\"POLARIS\",\"description\":\"Dein Community-Universum\",\"potentialAction\":[{\"@type\":\"SearchAction\",\"target\":{\"@type\":\"EntryPoint\",\"urlTemplate\":\"https:\\\/\\\/polaris-con.de\\\/de_de\\\/?s={search_term_string}\"},\"query-input\":{\"@type\":\"PropertyValueSpecification\",\"valueRequired\":true,\"valueName\":\"search_term_string\"}}],\"inLanguage\":\"de-de-de\"}]}<\/script>\n<!-- \/ Yoast SEO plugin. -->","yoast_head_json":{"title":"Unser Merchandise - POLARIS","robots":{"index":"index","follow":"follow","max-snippet":"max-snippet:-1","max-image-preview":"max-image-preview:large","max-video-preview":"max-video-preview:-1"},"canonical":"https:\/\/polaris-con.de\/de_de_de\/fuer-besuchende\/unser-merchandise\/","og_locale":"de_DE","og_type":"article","og_title":"Unser Merchandise - POLARIS","og_description":"Unser Merchandise POLARIS x GRNK Auch in diesem Jahr freuen wir uns, gemeinsam mit dem GRNK-Shop wieder exklusives POLARIS-Merchandise anbieten zu k\u00f6nnen! Sobald wir unser neues Angebot mit euch teilen k\u00f6nnen, werdet ihr hier die neuen Pieces finden. Bis dahin...","og_url":"https:\/\/polaris-con.de\/de_de_de\/fuer-besuchende\/unser-merchandise\/","og_site_name":"POLARIS","article_modified_time":"2026-03-06T08:36:58+00:00","og_image":[{"url":"https:\/\/polaris-con.de\/wp-content\/uploads\/2025\/10\/Shirt25.png","type":"","width":"","height":""}],"twitter_card":"summary_large_image","twitter_misc":{"Est. reading time":"2 minutes"},"schema":{"@context":"https:\/\/schema.org","@graph":[{"@type":"WebPage","@id":"https:\/\/polaris-con.de\/fuer-besuchende\/unser-merchandise\/","url":"https:\/\/polaris-con.de\/fuer-besuchende\/unser-merchandise\/","name":"Unser Merchandise - POLARIS","isPartOf":{"@id":"https:\/\/polaris-con.de\/de_de\/#website"},"primaryImageOfPage":{"@id":"https:\/\/polaris-con.de\/fuer-besuchende\/unser-merchandise\/#primaryimage"},"image":{"@id":"https:\/\/polaris-con.de\/fuer-besuchende\/unser-merchandise\/#primaryimage"},"thumbnailUrl":"https:\/\/polaris-con.de\/wp-content\/uploads\/2025\/10\/Shirt25.png","datePublished":"2025-10-03T19:52:56+00:00","dateModified":"2026-03-06T08:36:58+00:00","breadcrumb":{"@id":"https:\/\/polaris-con.de\/fuer-besuchende\/unser-merchandise\/#breadcrumb"},"inLanguage":"de-de-de","potentialAction":[{"@type":"ReadAction","target":["https:\/\/polaris-con.de\/fuer-besuchende\/unser-merchandise\/"]}]},{"@type":"ImageObject","inLanguage":"de-de-de","@id":"https:\/\/polaris-con.de\/fuer-besuchende\/unser-merchandise\/#primaryimage","url":"https:\/\/polaris-con.de\/wp-content\/uploads\/2025\/10\/Shirt25.png","contentUrl":"https:\/\/polaris-con.de\/wp-content\/uploads\/2025\/10\/Shirt25.png"},{"@type":"BreadcrumbList","@id":"https:\/\/polaris-con.de\/fuer-besuchende\/unser-merchandise\/#breadcrumb","itemListElement":[{"@type":"ListItem","position":1,"name":"F\u00fcr Besuchende","item":"https:\/\/polaris-con.de\/fuer-besuchende\/"},{"@type":"ListItem","position":2,"name":"Unser Merchandise"}]},{"@type":"WebSite","@id":"https:\/\/polaris-con.de\/de_de\/#website","url":"https:\/\/polaris-con.de\/de_de\/","name":"POLARIS","description":"Dein Community-Universum","potentialAction":[{"@type":"SearchAction","target":{"@type":"EntryPoint","urlTemplate":"https:\/\/polaris-con.de\/de_de\/?s={search_term_string}"},"query-input":{"@type":"PropertyValueSpecification","valueRequired":true,"valueName":"search_term_string"}}],"inLanguage":"de-de-de"}]}},"_links":{"self":[{"href":"https:\/\/polaris-con.de\/de_de_de\/wp-json\/wp\/v2\/pages\/47339","targetHints":{"allow":["GET"]}}],"collection":[{"href":"https:\/\/polaris-con.de\/de_de_de\/wp-json\/wp\/v2\/pages"}],"about":[{"href":"https:\/\/polaris-con.de\/de_de_de\/wp-json\/wp\/v2\/types\/page"}],"author":[{"embeddable":true,"href":"https:\/\/polaris-con.de\/de_de_de\/wp-json\/wp\/v2\/users\/11"}],"replies":[{"embeddable":true,"href":"https:\/\/polaris-con.de\/de_de_de\/wp-json\/wp\/v2\/comments?post=47339"}],"version-history":[{"count":25,"href":"https:\/\/polaris-con.de\/de_de_de\/wp-json\/wp\/v2\/pages\/47339\/revisions"}],"predecessor-version":[{"id":66988,"href":"https:\/\/polaris-con.de\/de_de_de\/wp-json\/wp\/v2\/pages\/47339\/revisions\/66988"}],"up":[{"embeddable":true,"href":"https:\/\/polaris-con.de\/de_de_de\/wp-json\/wp\/v2\/pages\/30966"}],"wp:attachment":[{"href":"https:\/\/polaris-con.de\/de_de_de\/wp-json\/wp\/v2\/media?parent=47339"}],"curies":[{"name":"wp","href":"https:\/\/api.w.org\/{rel}","templated":true}]}}