{"id":30754,"date":"2025-03-12T17:03:09","date_gmt":"2025-03-12T15:03:09","guid":{"rendered":"https:\/\/polaris-wp-staging.super-crowd.com\/?page_id=30754"},"modified":"2025-11-13T15:56:43","modified_gmt":"2025-11-13T13:56:43","slug":"cosplay-area","status":"publish","type":"page","link":"https:\/\/polaris-con.de\/en\/fuer-besuchende\/unsere-areas\/cosplay-area\/","title":{"rendered":"Cosplay area"},"content":{"rendered":"<div data-elementor-type=\"wp-page\" data-elementor-id=\"30754\" class=\"elementor elementor-30754\" data-elementor-post-type=\"page\">\n\t\t\t\t<div class=\"elementor-element elementor-element-b863127 e-con-full e-flex e-con e-parent\" data-id=\"b863127\" data-element_type=\"container\" data-e-type=\"container\" data-settings=\"{&quot;background_background&quot;:&quot;classic&quot;}\">\n\t\t<div class=\"elementor-element elementor-element-20f5d6a e-con-full e-flex e-con e-child\" data-id=\"20f5d6a\" data-element_type=\"container\" data-e-type=\"container\">\n\t\t\t\t<div class=\"elementor-element elementor-element-76ac4dd elementor-widget elementor-widget-pix-text\" data-id=\"76ac4dd\" data-element_type=\"widget\" data-e-type=\"widget\" data-widget_type=\"pix-text.default\">\n\t\t\t\t<div class=\"elementor-widget-container\">\n\t\t\t\t\t<div class=\"pix-el-text w-100 text-center\" ><p class=\"resp-option text-center\"><p>Cosplay area<\/p><\/p><\/div>\t\t\t\t<\/div>\n\t\t\t\t<\/div>\n\t\t\t\t<\/div>\n\t\t\t\t<\/div>\n\t\t<div class=\"elementor-element elementor-element-c538c94 e-flex e-con-boxed e-con e-parent\" data-id=\"c538c94\" data-element_type=\"container\" data-e-type=\"container\" data-no-translation=\"\">\n\t\t\t\t\t<div class=\"e-con-inner\">\n\t\t<div class=\"elementor-element elementor-element-a8ebe4d e-con-full e-flex e-con e-child\" data-id=\"a8ebe4d\" data-element_type=\"container\" data-e-type=\"container\">\n\t\t<div class=\"elementor-element elementor-element-d978e96 e-con-full e-flex e-con e-child\" data-id=\"d978e96\" data-element_type=\"container\" data-e-type=\"container\">\n\t\t\t\t<div class=\"elementor-element elementor-element-5759044 elementor-hidden-desktop elementor-hidden-tablet elementor-widget elementor-widget-image\" data-id=\"5759044\" data-element_type=\"widget\" data-e-type=\"widget\" data-widget_type=\"image.default\">\n\t\t\t\t<div class=\"elementor-widget-container\">\n\t\t\t\t\t\t\t\t\t\t\t\t\t\t\t<img fetchpriority=\"high\" decoding=\"async\" width=\"640\" height=\"427\" src=\"https:\/\/polaris-con.de\/wp-content\/uploads\/2025\/03\/PO24_RO_111024_00731-1024x683.jpg\" class=\"attachment-large size-large wp-image-30933\" alt=\"Foto von einem Gast, der eine Brettspiel-Figur bemalt.\" srcset=\"https:\/\/polaris-con.de\/wp-content\/uploads\/2025\/03\/PO24_RO_111024_00731-1024x683.jpg 1024w, https:\/\/polaris-con.de\/wp-content\/uploads\/2025\/03\/PO24_RO_111024_00731-300x200.jpg 300w, https:\/\/polaris-con.de\/wp-content\/uploads\/2025\/03\/PO24_RO_111024_00731-768x512.jpg 768w, https:\/\/polaris-con.de\/wp-content\/uploads\/2025\/03\/PO24_RO_111024_00731-1536x1024.jpg 1536w, https:\/\/polaris-con.de\/wp-content\/uploads\/2025\/03\/PO24_RO_111024_00731-2048x1365.jpg 2048w, https:\/\/polaris-con.de\/wp-content\/uploads\/2025\/03\/PO24_RO_111024_00731-18x12.jpg 18w\" sizes=\"(max-width: 640px) 100vw, 640px\" \/>\t\t\t\t\t\t\t\t\t\t\t\t\t\t\t<\/div>\n\t\t\t\t<\/div>\n\t\t\t\t<\/div>\n\t\t<div class=\"elementor-element elementor-element-799881e e-con-full e-flex e-con e-child\" data-id=\"799881e\" data-element_type=\"container\" data-e-type=\"container\" data-settings=\"{&quot;background_background&quot;:&quot;classic&quot;}\">\n\t\t\t\t<div class=\"elementor-element elementor-element-b0696f3 elementor-widget elementor-widget-heading\" data-id=\"b0696f3\" data-element_type=\"widget\" data-e-type=\"widget\" data-widget_type=\"heading.default\">\n\t\t\t\t<div class=\"elementor-widget-container\">\n\t\t\t\t\t<h4 class=\"elementor-heading-title elementor-size-default\">Apply now for the limited cosplay packages and become a cosplay exhibitor!<\/h4>\t\t\t\t<\/div>\n\t\t\t\t<\/div>\n\t\t\t\t<div class=\"elementor-element elementor-element-f111707 elementor-widget elementor-widget-text-editor\" data-id=\"f111707\" data-element_type=\"widget\" data-e-type=\"widget\" data-widget_type=\"text-editor.default\">\n\t\t\t\t<div class=\"elementor-widget-container\">\n\t\t\t\t\t\t\t\t\t<p>At POLARIS, an exhibition area will be set up especially for cosplayers in our Cosplay Area. You can use your stand as a meeting place for the community and at the same time offer merchandise or prints for sale. The package also includes two exhibitor tickets.<\/p>\t\t\t\t\t\t\t\t<\/div>\n\t\t\t\t<\/div>\n\t\t\t\t<div class=\"elementor-element elementor-element-f265a56 elementor-align-justify elementor-widget__width-inherit e-transform elementor-widget elementor-widget-button\" data-id=\"f265a56\" data-element_type=\"widget\" data-e-type=\"widget\" data-settings=\"{&quot;_transform_scale_effect_hover&quot;:{&quot;unit&quot;:&quot;px&quot;,&quot;size&quot;:1.01,&quot;sizes&quot;:[]},&quot;_transform_scale_effect_hover_tablet&quot;:{&quot;unit&quot;:&quot;px&quot;,&quot;size&quot;:&quot;&quot;,&quot;sizes&quot;:[]},&quot;_transform_scale_effect_hover_mobile&quot;:{&quot;unit&quot;:&quot;px&quot;,&quot;size&quot;:&quot;&quot;,&quot;sizes&quot;:[]}}\" data-widget_type=\"button.default\">\n\t\t\t\t<div class=\"elementor-widget-container\">\n\t\t\t\t\t\t\t\t\t<div class=\"elementor-button-wrapper\">\n\t\t\t\t\t<a class=\"elementor-button elementor-button-link elementor-size-sm\" href=\"https:\/\/polaris-con.de\/en\/fuer-ausstellende-partner\/ausstellen\/cosplay-paket\/\">\n\t\t\t\t\t\t<span class=\"elementor-button-content-wrapper\">\n\t\t\t\t\t\t<span class=\"elementor-button-icon\">\n\t\t\t\t<i aria-hidden=\"true\" class=\"icon icon-angle-right\"><\/i>\t\t\t<\/span>\n\t\t\t\t\t\t\t\t\t<span class=\"elementor-button-text\">Register now!<\/span>\n\t\t\t\t\t<\/span>\n\t\t\t\t\t<\/a>\n\t\t\t\t<\/div>\n\t\t\t\t\t\t\t\t<\/div>\n\t\t\t\t<\/div>\n\t\t\t\t<\/div>\n\t\t\t\t<\/div>\n\t\t<div class=\"elementor-element elementor-element-524964a e-con-full e-flex e-con e-child\" data-id=\"524964a\" data-element_type=\"container\" data-e-type=\"container\">\n\t\t<div class=\"elementor-element elementor-element-96daa66 e-con-full e-flex e-con e-child\" data-id=\"96daa66\" data-element_type=\"container\" data-e-type=\"container\" data-settings=\"{&quot;background_background&quot;:&quot;classic&quot;}\">\n\t\t\t\t<div class=\"elementor-element elementor-element-41895b0 elementor-widget elementor-widget-heading\" data-id=\"41895b0\" data-element_type=\"widget\" data-e-type=\"widget\" data-widget_type=\"heading.default\">\n\t\t\t\t<div class=\"elementor-widget-container\">\n\t\t\t\t\t<h4 class=\"elementor-heading-title elementor-size-default\">As always, eosAndy will be there too!<\/h4>\t\t\t\t<\/div>\n\t\t\t\t<\/div>\n\t\t\t\t<div class=\"elementor-element elementor-element-c785c62 elementor-widget elementor-widget-text-editor\" data-id=\"c785c62\" data-element_type=\"widget\" data-e-type=\"widget\" data-widget_type=\"text-editor.default\">\n\t\t\t\t<div class=\"elementor-widget-container\">\n\t\t\t\t\t\t\t\t\t<p style=\"text-align: left;\">As every year, we warmly welcome eosAndy back! He is known for his unique style and visits us with a promise: everyone should be able to take home a beautiful photo of themselves and their cosplay!<\/p>\t\t\t\t\t\t\t\t<\/div>\n\t\t\t\t<\/div>\n\t\t\t\t<div class=\"elementor-element elementor-element-c3f48a8 elementor-align-justify elementor-widget__width-inherit e-transform elementor-widget elementor-widget-button\" data-id=\"c3f48a8\" data-element_type=\"widget\" data-e-type=\"widget\" data-settings=\"{&quot;_transform_scale_effect_hover&quot;:{&quot;unit&quot;:&quot;px&quot;,&quot;size&quot;:1.01,&quot;sizes&quot;:[]},&quot;_transform_scale_effect_hover_tablet&quot;:{&quot;unit&quot;:&quot;px&quot;,&quot;size&quot;:&quot;&quot;,&quot;sizes&quot;:[]},&quot;_transform_scale_effect_hover_mobile&quot;:{&quot;unit&quot;:&quot;px&quot;,&quot;size&quot;:&quot;&quot;,&quot;sizes&quot;:[]}}\" data-widget_type=\"button.default\">\n\t\t\t\t<div class=\"elementor-widget-container\">\n\t\t\t\t\t\t\t\t\t<div class=\"elementor-button-wrapper\">\n\t\t\t\t\t<a class=\"elementor-button elementor-button-link elementor-size-sm\" href=\"https:\/\/eosandy.com\/wer-ist-eosandy\/\" target=\"_blank\">\n\t\t\t\t\t\t<span class=\"elementor-button-content-wrapper\">\n\t\t\t\t\t\t<span class=\"elementor-button-icon\">\n\t\t\t\t<i aria-hidden=\"true\" class=\"icon icon-angle-right\"><\/i>\t\t\t<\/span>\n\t\t\t\t\t\t\t\t\t<span class=\"elementor-button-text\">Learn more<\/span>\n\t\t\t\t\t<\/span>\n\t\t\t\t\t<\/a>\n\t\t\t\t<\/div>\n\t\t\t\t\t\t\t\t<\/div>\n\t\t\t\t<\/div>\n\t\t\t\t<\/div>\n\t\t<div class=\"elementor-element elementor-element-891ff31 e-con-full e-flex e-con e-child\" data-id=\"891ff31\" data-element_type=\"container\" data-e-type=\"container\">\n\t\t\t\t<div class=\"elementor-element elementor-element-57337a3 elementor-hidden-desktop elementor-hidden-tablet elementor-widget elementor-widget-image\" data-id=\"57337a3\" data-element_type=\"widget\" data-e-type=\"widget\" data-widget_type=\"image.default\">\n\t\t\t\t<div class=\"elementor-widget-container\">\n\t\t\t\t\t\t\t\t\t\t\t\t\t\t\t<img decoding=\"async\" width=\"640\" height=\"427\" src=\"https:\/\/polaris-con.de\/wp-content\/uploads\/2025\/03\/PO24_RO_121024_03220-1024x683.jpg\" class=\"attachment-large size-large wp-image-30945\" alt=\"Foto von eosAndy, wie er ein Foto von einem Cosplayer schie\u00dft.\" srcset=\"https:\/\/polaris-con.de\/wp-content\/uploads\/2025\/03\/PO24_RO_121024_03220-1024x683.jpg 1024w, https:\/\/polaris-con.de\/wp-content\/uploads\/2025\/03\/PO24_RO_121024_03220-300x200.jpg 300w, https:\/\/polaris-con.de\/wp-content\/uploads\/2025\/03\/PO24_RO_121024_03220-768x512.jpg 768w, https:\/\/polaris-con.de\/wp-content\/uploads\/2025\/03\/PO24_RO_121024_03220-1536x1024.jpg 1536w, https:\/\/polaris-con.de\/wp-content\/uploads\/2025\/03\/PO24_RO_121024_03220-2048x1365.jpg 2048w, https:\/\/polaris-con.de\/wp-content\/uploads\/2025\/03\/PO24_RO_121024_03220-18x12.jpg 18w\" sizes=\"(max-width: 640px) 100vw, 640px\" \/>\t\t\t\t\t\t\t\t\t\t\t\t\t\t\t<\/div>\n\t\t\t\t<\/div>\n\t\t\t\t<\/div>\n\t\t\t\t<\/div>\n\t\t<div class=\"elementor-element elementor-element-94761a9 e-con-full e-flex e-con e-child\" data-id=\"94761a9\" data-element_type=\"container\" data-e-type=\"container\">\n\t\t<div class=\"elementor-element elementor-element-c8df521 e-con-full e-flex e-con e-child\" data-id=\"c8df521\" data-element_type=\"container\" data-e-type=\"container\">\n\t\t\t\t<div class=\"elementor-element elementor-element-6b025a6 elementor-hidden-desktop elementor-hidden-tablet elementor-widget elementor-widget-image\" data-id=\"6b025a6\" data-element_type=\"widget\" data-e-type=\"widget\" data-widget_type=\"image.default\">\n\t\t\t\t<div class=\"elementor-widget-container\">\n\t\t\t\t\t\t\t\t\t\t\t\t\t\t\t<img fetchpriority=\"high\" decoding=\"async\" width=\"640\" height=\"427\" src=\"https:\/\/polaris-con.de\/wp-content\/uploads\/2025\/03\/PO24_RO_111024_00731-1024x683.jpg\" class=\"attachment-large size-large wp-image-30933\" alt=\"Foto von einem Gast, der eine Brettspiel-Figur bemalt.\" srcset=\"https:\/\/polaris-con.de\/wp-content\/uploads\/2025\/03\/PO24_RO_111024_00731-1024x683.jpg 1024w, https:\/\/polaris-con.de\/wp-content\/uploads\/2025\/03\/PO24_RO_111024_00731-300x200.jpg 300w, https:\/\/polaris-con.de\/wp-content\/uploads\/2025\/03\/PO24_RO_111024_00731-768x512.jpg 768w, https:\/\/polaris-con.de\/wp-content\/uploads\/2025\/03\/PO24_RO_111024_00731-1536x1024.jpg 1536w, https:\/\/polaris-con.de\/wp-content\/uploads\/2025\/03\/PO24_RO_111024_00731-2048x1365.jpg 2048w, https:\/\/polaris-con.de\/wp-content\/uploads\/2025\/03\/PO24_RO_111024_00731-18x12.jpg 18w\" sizes=\"(max-width: 640px) 100vw, 640px\" \/>\t\t\t\t\t\t\t\t\t\t\t\t\t\t\t<\/div>\n\t\t\t\t<\/div>\n\t\t\t\t<\/div>\n\t\t<div class=\"elementor-element elementor-element-98015e7 e-con-full e-flex e-con e-child\" data-id=\"98015e7\" data-element_type=\"container\" data-e-type=\"container\" data-settings=\"{&quot;background_background&quot;:&quot;classic&quot;}\">\n\t\t\t\t<div class=\"elementor-element elementor-element-993dc2d elementor-widget elementor-widget-heading\" data-id=\"993dc2d\" data-element_type=\"widget\" data-e-type=\"widget\" data-widget_type=\"heading.default\">\n\t\t\t\t<div class=\"elementor-widget-container\">\n\t\t\t\t\t<h4 class=\"elementor-heading-title elementor-size-default\">New highlight: workshops!<\/h4>\t\t\t\t<\/div>\n\t\t\t\t<\/div>\n\t\t\t\t<div class=\"elementor-element elementor-element-11555a2 elementor-widget elementor-widget-text-editor\" data-id=\"11555a2\" data-element_type=\"widget\" data-e-type=\"widget\" data-widget_type=\"text-editor.default\">\n\t\t\t\t<div class=\"elementor-widget-container\">\n\t\t\t\t\t\t\t\t\t<p style=\"text-align: left;\">Have you always wanted to try out creative hobbies but don&#8217;t feel confident enough to take the first step without help? Then these workshops are just right for you. Here, you can not only listen to the knowledge of experts in the field, but also get involved and learn first-hand!<\/p>\t\t\t\t\t\t\t\t<\/div>\n\t\t\t\t<\/div>\n\t\t\t\t<\/div>\n\t\t\t\t<\/div>\n\t\t\t\t\t<\/div>\n\t\t\t\t<\/div>\n\t\t<div class=\"elementor-element elementor-element-8c72a8e elementor-hidden-desktop elementor-hidden-tablet elementor-hidden-mobile e-flex e-con-boxed e-con e-parent\" data-id=\"8c72a8e\" data-element_type=\"container\" data-e-type=\"container\">\n\t\t\t\t\t<div class=\"e-con-inner\">\n\t\t\t\t<div class=\"elementor-element elementor-element-dfda925 elementor-widget elementor-widget-spacer\" data-id=\"dfda925\" data-element_type=\"widget\" data-e-type=\"widget\" data-widget_type=\"spacer.default\">\n\t\t\t\t<div class=\"elementor-widget-container\">\n\t\t\t\t\t\t\t<div class=\"elementor-spacer\">\n\t\t\t<div class=\"elementor-spacer-inner\"><\/div>\n\t\t<\/div>\n\t\t\t\t\t\t<\/div>\n\t\t\t\t<\/div>\n\t\t<div class=\"elementor-element elementor-element-b724ddc e-con-full elementor-hidden-mobile e-flex e-con e-child\" data-id=\"b724ddc\" data-element_type=\"container\" data-e-type=\"container\" data-settings=\"{&quot;background_background&quot;:&quot;classic&quot;}\">\n\t\t\t\t<\/div>\n\t\t\t\t\t<\/div>\n\t\t\t\t<\/div>\n\t\t<div class=\"elementor-element elementor-element-e3b369e e-flex e-con-boxed e-con e-parent\" data-id=\"e3b369e\" data-element_type=\"container\" data-e-type=\"container\">\n\t\t\t\t\t<div class=\"e-con-inner\">\n\t\t\t\t<div class=\"elementor-element elementor-element-833cb53 elementor-widget elementor-widget-spacer\" data-id=\"833cb53\" data-element_type=\"widget\" data-e-type=\"widget\" data-widget_type=\"spacer.default\">\n\t\t\t\t<div class=\"elementor-widget-container\">\n\t\t\t\t\t\t\t<div class=\"elementor-spacer\">\n\t\t\t<div class=\"elementor-spacer-inner\"><\/div>\n\t\t<\/div>\n\t\t\t\t\t\t<\/div>\n\t\t\t\t<\/div>\n\t\t\t\t\t<\/div>\n\t\t\t\t<\/div>\n\t\t\t\t<\/div>","protected":false},"excerpt":{"rendered":"<p>Cosplay Area Bewerbt euch jetzt f\u00fcr die limitierten Cosplay-Pakete und werdet Cosplay-Aussteller:in! Auf der POLARIS wird ein Ausstellungsbereich speziell f\u00fcr Cosplayer:innen in unserer Cosplay Area gestaltet. Euren Stand k\u00f6nnt ihr als Treffpunkt f\u00fcr die Community nutzen und zeitgleich Merchandise oder&#8230;<\/p>","protected":false},"author":12,"featured_media":0,"parent":30737,"menu_order":0,"comment_status":"closed","ping_status":"closed","template":"","meta":{"footnotes":""},"class_list":["post-30754","page","type-page","status-publish","hentry"],"yoast_head":"<!-- This site is optimized with the Yoast SEO plugin v27.3 - https:\/\/yoast.com\/product\/yoast-seo-wordpress\/ -->\n<title>Cosplay Area - POLARIS<\/title>\n<meta name=\"robots\" content=\"index, follow, max-snippet:-1, max-image-preview:large, max-video-preview:-1\" \/>\n<link rel=\"canonical\" href=\"https:\/\/polaris-con.de\/en\/fuer-besuchende\/unsere-areas\/cosplay-area\/\" \/>\n<meta property=\"og:locale\" content=\"en_US\" \/>\n<meta property=\"og:type\" content=\"article\" \/>\n<meta property=\"og:title\" content=\"Cosplay Area - POLARIS\" \/>\n<meta property=\"og:description\" content=\"Cosplay Area Bewerbt euch jetzt f\u00fcr die limitierten Cosplay-Pakete und werdet Cosplay-Aussteller:in! Auf der POLARIS wird ein Ausstellungsbereich speziell f\u00fcr Cosplayer:innen in unserer Cosplay Area gestaltet. Euren Stand k\u00f6nnt ihr als Treffpunkt f\u00fcr die Community nutzen und zeitgleich Merchandise oder...\" \/>\n<meta property=\"og:url\" content=\"https:\/\/polaris-con.de\/en\/fuer-besuchende\/unsere-areas\/cosplay-area\/\" \/>\n<meta property=\"og:site_name\" content=\"POLARIS\" \/>\n<meta property=\"article:modified_time\" content=\"2025-11-13T13:56:43+00:00\" \/>\n<meta property=\"og:image\" content=\"https:\/\/polaris-con.de\/wp-content\/uploads\/2025\/03\/PO24_RO_111024_00731-scaled.jpg\" \/>\n\t<meta property=\"og:image:width\" content=\"2560\" \/>\n\t<meta property=\"og:image:height\" content=\"1707\" \/>\n\t<meta property=\"og:image:type\" content=\"image\/jpeg\" \/>\n<meta name=\"twitter:card\" content=\"summary_large_image\" \/>\n<meta name=\"twitter:label1\" content=\"Est. reading time\" \/>\n\t<meta name=\"twitter:data1\" content=\"3 minutes\" \/>\n<script type=\"application\/ld+json\" class=\"yoast-schema-graph\">{\"@context\":\"https:\\\/\\\/schema.org\",\"@graph\":[{\"@type\":\"WebPage\",\"@id\":\"https:\\\/\\\/polaris-con.de\\\/fuer-besuchende\\\/unsere-areas\\\/cosplay-area\\\/\",\"url\":\"https:\\\/\\\/polaris-con.de\\\/fuer-besuchende\\\/unsere-areas\\\/cosplay-area\\\/\",\"name\":\"Cosplay Area - POLARIS\",\"isPartOf\":{\"@id\":\"https:\\\/\\\/polaris-con.de\\\/de_de\\\/#website\"},\"primaryImageOfPage\":{\"@id\":\"https:\\\/\\\/polaris-con.de\\\/fuer-besuchende\\\/unsere-areas\\\/cosplay-area\\\/#primaryimage\"},\"image\":{\"@id\":\"https:\\\/\\\/polaris-con.de\\\/fuer-besuchende\\\/unsere-areas\\\/cosplay-area\\\/#primaryimage\"},\"thumbnailUrl\":\"https:\\\/\\\/polaris-con.de\\\/wp-content\\\/uploads\\\/2025\\\/03\\\/PO24_RO_111024_00731-1024x683.jpg\",\"datePublished\":\"2025-03-12T15:03:09+00:00\",\"dateModified\":\"2025-11-13T13:56:43+00:00\",\"breadcrumb\":{\"@id\":\"https:\\\/\\\/polaris-con.de\\\/fuer-besuchende\\\/unsere-areas\\\/cosplay-area\\\/#breadcrumb\"},\"inLanguage\":\"en-US\",\"potentialAction\":[{\"@type\":\"ReadAction\",\"target\":[\"https:\\\/\\\/polaris-con.de\\\/fuer-besuchende\\\/unsere-areas\\\/cosplay-area\\\/\"]}]},{\"@type\":\"ImageObject\",\"inLanguage\":\"en-US\",\"@id\":\"https:\\\/\\\/polaris-con.de\\\/fuer-besuchende\\\/unsere-areas\\\/cosplay-area\\\/#primaryimage\",\"url\":\"https:\\\/\\\/polaris-con.de\\\/wp-content\\\/uploads\\\/2025\\\/03\\\/PO24_RO_111024_00731-1024x683.jpg\",\"contentUrl\":\"https:\\\/\\\/polaris-con.de\\\/wp-content\\\/uploads\\\/2025\\\/03\\\/PO24_RO_111024_00731-1024x683.jpg\"},{\"@type\":\"BreadcrumbList\",\"@id\":\"https:\\\/\\\/polaris-con.de\\\/fuer-besuchende\\\/unsere-areas\\\/cosplay-area\\\/#breadcrumb\",\"itemListElement\":[{\"@type\":\"ListItem\",\"position\":1,\"name\":\"F\u00fcr Besuchende\",\"item\":\"https:\\\/\\\/polaris-con.de\\\/fuer-besuchende\\\/\"},{\"@type\":\"ListItem\",\"position\":2,\"name\":\"Unsere Areas\",\"item\":\"https:\\\/\\\/polaris-con.de\\\/fuer-besuchende\\\/unsere-areas\\\/\"},{\"@type\":\"ListItem\",\"position\":3,\"name\":\"Cosplay Area\"}]},{\"@type\":\"WebSite\",\"@id\":\"https:\\\/\\\/polaris-con.de\\\/de_de\\\/#website\",\"url\":\"https:\\\/\\\/polaris-con.de\\\/de_de\\\/\",\"name\":\"POLARIS\",\"description\":\"Dein Community-Universum\",\"potentialAction\":[{\"@type\":\"SearchAction\",\"target\":{\"@type\":\"EntryPoint\",\"urlTemplate\":\"https:\\\/\\\/polaris-con.de\\\/de_de\\\/?s={search_term_string}\"},\"query-input\":{\"@type\":\"PropertyValueSpecification\",\"valueRequired\":true,\"valueName\":\"search_term_string\"}}],\"inLanguage\":\"en-US\"}]}<\/script>\n<!-- \/ Yoast SEO plugin. -->","yoast_head_json":{"title":"Cosplay Area - POLARIS","robots":{"index":"index","follow":"follow","max-snippet":"max-snippet:-1","max-image-preview":"max-image-preview:large","max-video-preview":"max-video-preview:-1"},"canonical":"https:\/\/polaris-con.de\/en\/fuer-besuchende\/unsere-areas\/cosplay-area\/","og_locale":"en_US","og_type":"article","og_title":"Cosplay Area - POLARIS","og_description":"Cosplay Area Bewerbt euch jetzt f\u00fcr die limitierten Cosplay-Pakete und werdet Cosplay-Aussteller:in! Auf der POLARIS wird ein Ausstellungsbereich speziell f\u00fcr Cosplayer:innen in unserer Cosplay Area gestaltet. Euren Stand k\u00f6nnt ihr als Treffpunkt f\u00fcr die Community nutzen und zeitgleich Merchandise oder...","og_url":"https:\/\/polaris-con.de\/en\/fuer-besuchende\/unsere-areas\/cosplay-area\/","og_site_name":"POLARIS","article_modified_time":"2025-11-13T13:56:43+00:00","og_image":[{"width":2560,"height":1707,"url":"https:\/\/polaris-con.de\/wp-content\/uploads\/2025\/03\/PO24_RO_111024_00731-scaled.jpg","type":"image\/jpeg"}],"twitter_card":"summary_large_image","twitter_misc":{"Est. reading time":"3 minutes"},"schema":{"@context":"https:\/\/schema.org","@graph":[{"@type":"WebPage","@id":"https:\/\/polaris-con.de\/fuer-besuchende\/unsere-areas\/cosplay-area\/","url":"https:\/\/polaris-con.de\/fuer-besuchende\/unsere-areas\/cosplay-area\/","name":"Cosplay Area - POLARIS","isPartOf":{"@id":"https:\/\/polaris-con.de\/de_de\/#website"},"primaryImageOfPage":{"@id":"https:\/\/polaris-con.de\/fuer-besuchende\/unsere-areas\/cosplay-area\/#primaryimage"},"image":{"@id":"https:\/\/polaris-con.de\/fuer-besuchende\/unsere-areas\/cosplay-area\/#primaryimage"},"thumbnailUrl":"https:\/\/polaris-con.de\/wp-content\/uploads\/2025\/03\/PO24_RO_111024_00731-1024x683.jpg","datePublished":"2025-03-12T15:03:09+00:00","dateModified":"2025-11-13T13:56:43+00:00","breadcrumb":{"@id":"https:\/\/polaris-con.de\/fuer-besuchende\/unsere-areas\/cosplay-area\/#breadcrumb"},"inLanguage":"en-US","potentialAction":[{"@type":"ReadAction","target":["https:\/\/polaris-con.de\/fuer-besuchende\/unsere-areas\/cosplay-area\/"]}]},{"@type":"ImageObject","inLanguage":"en-US","@id":"https:\/\/polaris-con.de\/fuer-besuchende\/unsere-areas\/cosplay-area\/#primaryimage","url":"https:\/\/polaris-con.de\/wp-content\/uploads\/2025\/03\/PO24_RO_111024_00731-1024x683.jpg","contentUrl":"https:\/\/polaris-con.de\/wp-content\/uploads\/2025\/03\/PO24_RO_111024_00731-1024x683.jpg"},{"@type":"BreadcrumbList","@id":"https:\/\/polaris-con.de\/fuer-besuchende\/unsere-areas\/cosplay-area\/#breadcrumb","itemListElement":[{"@type":"ListItem","position":1,"name":"F\u00fcr Besuchende","item":"https:\/\/polaris-con.de\/fuer-besuchende\/"},{"@type":"ListItem","position":2,"name":"Unsere Areas","item":"https:\/\/polaris-con.de\/fuer-besuchende\/unsere-areas\/"},{"@type":"ListItem","position":3,"name":"Cosplay Area"}]},{"@type":"WebSite","@id":"https:\/\/polaris-con.de\/de_de\/#website","url":"https:\/\/polaris-con.de\/de_de\/","name":"POLARIS","description":"Your Community Universe","potentialAction":[{"@type":"SearchAction","target":{"@type":"EntryPoint","urlTemplate":"https:\/\/polaris-con.de\/de_de\/?s={search_term_string}"},"query-input":{"@type":"PropertyValueSpecification","valueRequired":true,"valueName":"search_term_string"}}],"inLanguage":"en-US"}]}},"_links":{"self":[{"href":"https:\/\/polaris-con.de\/en\/wp-json\/wp\/v2\/pages\/30754","targetHints":{"allow":["GET"]}}],"collection":[{"href":"https:\/\/polaris-con.de\/en\/wp-json\/wp\/v2\/pages"}],"about":[{"href":"https:\/\/polaris-con.de\/en\/wp-json\/wp\/v2\/types\/page"}],"author":[{"embeddable":true,"href":"https:\/\/polaris-con.de\/en\/wp-json\/wp\/v2\/users\/12"}],"replies":[{"embeddable":true,"href":"https:\/\/polaris-con.de\/en\/wp-json\/wp\/v2\/comments?post=30754"}],"version-history":[{"count":273,"href":"https:\/\/polaris-con.de\/en\/wp-json\/wp\/v2\/pages\/30754\/revisions"}],"predecessor-version":[{"id":50688,"href":"https:\/\/polaris-con.de\/en\/wp-json\/wp\/v2\/pages\/30754\/revisions\/50688"}],"up":[{"embeddable":true,"href":"https:\/\/polaris-con.de\/en\/wp-json\/wp\/v2\/pages\/30737"}],"wp:attachment":[{"href":"https:\/\/polaris-con.de\/en\/wp-json\/wp\/v2\/media?parent=30754"}],"curies":[{"name":"wp","href":"https:\/\/api.w.org\/{rel}","templated":true}]}}