{"id":36277,"date":"2025-03-25T19:21:35","date_gmt":"2025-03-25T17:21:35","guid":{"rendered":"https:\/\/polaris-wp-staging.super-crowd.com\/?page_id=36277"},"modified":"2025-10-03T23:54:04","modified_gmt":"2025-10-03T21:54:04","slug":"safer-space-policy","status":"publish","type":"page","link":"https:\/\/polaris-con.de\/en\/safer-space-policy\/","title":{"rendered":"Safer Space Policy"},"content":{"rendered":"<div data-elementor-type=\"wp-page\" data-elementor-id=\"36277\" class=\"elementor elementor-36277\" data-elementor-post-type=\"page\">\n\t\t\t\t<div class=\"elementor-element elementor-element-0d27046 e-con-full e-flex e-con e-parent\" data-id=\"0d27046\" data-element_type=\"container\" data-e-type=\"container\" data-settings=\"{&quot;background_background&quot;:&quot;classic&quot;}\">\n\t\t<div class=\"elementor-element elementor-element-f7d9af2 e-con-full e-flex e-con e-child\" data-id=\"f7d9af2\" data-element_type=\"container\" data-e-type=\"container\">\n\t\t\t\t<div class=\"elementor-element elementor-element-0988dfe elementor-widget elementor-widget-pix-text\" data-id=\"0988dfe\" data-element_type=\"widget\" data-e-type=\"widget\" data-widget_type=\"pix-text.default\">\n\t\t\t\t<div class=\"elementor-widget-container\">\n\t\t\t\t\t<div class=\"pix-el-text w-100 text-center\" ><p class=\"resp-option text-center\"><p>Safer Space Policy<\/p><\/p><\/div>\t\t\t\t<\/div>\n\t\t\t\t<\/div>\n\t\t\t\t<\/div>\n\t\t\t\t<\/div>\n\t\t<div class=\"elementor-element elementor-element-4cadf58 e-con-full e-flex e-con e-parent\" data-id=\"4cadf58\" data-element_type=\"container\" data-e-type=\"container\" data-settings=\"{&quot;background_background&quot;:&quot;classic&quot;}\">\n\t\t<div class=\"elementor-element elementor-element-d029e80 e-con-full e-flex e-con e-child\" data-id=\"d029e80\" data-element_type=\"container\" data-e-type=\"container\">\n\t\t\t\t<div class=\"elementor-element elementor-element-a8c0de6 elementor-widget elementor-widget-pix-text\" data-id=\"a8c0de6\" data-element_type=\"widget\" data-e-type=\"widget\" data-widget_type=\"pix-text.default\">\n\t\t\t\t<div class=\"elementor-widget-container\">\n\t\t\t\t\t<div class=\"pix-el-text w-100 text-center\" ><p class=\"resp-option text-center\"><p>Euer sicherer Ort<br \/>auf der POLARIS<\/p><\/p><\/div>\t\t\t\t<\/div>\n\t\t\t\t<\/div>\n\t\t\t\t<\/div>\n\t\t\t\t<\/div>\n\t\t<div class=\"elementor-element elementor-element-106ee2f e-flex e-con-boxed e-con e-parent\" data-id=\"106ee2f\" data-element_type=\"container\" data-e-type=\"container\" data-settings=\"{&quot;background_background&quot;:&quot;classic&quot;}\" data-no-translation=\"\">\n\t\t\t\t\t<div class=\"e-con-inner\">\n\t\t<div class=\"elementor-element elementor-element-7a0692f e-con-full e-flex e-con e-child\" data-id=\"7a0692f\" data-element_type=\"container\" data-e-type=\"container\">\n\t\t<div class=\"elementor-element elementor-element-10a7dcf e-con-full e-flex e-con e-child\" data-id=\"10a7dcf\" data-element_type=\"container\" data-e-type=\"container\" data-settings=\"{&quot;background_background&quot;:&quot;classic&quot;}\">\n\t\t\t\t<div class=\"elementor-element elementor-element-14b19af elementor-widget elementor-widget-heading\" data-id=\"14b19af\" data-element_type=\"widget\" data-e-type=\"widget\" data-widget_type=\"heading.default\">\n\t\t\t\t<div class=\"elementor-widget-container\">\n\t\t\t\t\t<h4 class=\"elementor-heading-title elementor-size-default\">Your Safer Space<\/h4>\t\t\t\t<\/div>\n\t\t\t\t<\/div>\n\t\t\t\t<div class=\"elementor-element elementor-element-67984ec elementor-widget elementor-widget-text-editor\" data-id=\"67984ec\" data-element_type=\"widget\" data-e-type=\"widget\" data-widget_type=\"text-editor.default\">\n\t\t\t\t<div class=\"elementor-widget-container\">\n\t\t\t\t\t\t\t\t\t<p>POLARIS aims to be a safe and respectful space for everyone. Especially because our community is so diverse, we want to offer you a safer space. For this reason, we do not tolerate discriminatory, abusive or harassing behaviour. The protection and well-being of everyone present is our top priority.<\/p><p>In addition to our already established safe words for discreetly asking for help, we also strive to check that all exhibitors&#8216; products comply with the rules and to take immediate action in the event of any violations.<\/p><p>If you, as a visitor or exhibitor, notice any violations of the rules, please come and see us at our information desk in Hall B1 at any time!<\/p><p>Translated with DeepL.com (free version)<\/p>\t\t\t\t\t\t\t\t<\/div>\n\t\t\t\t<\/div>\n\t\t\t\t<\/div>\n\t\t\t\t<\/div>\n\t\t<div class=\"elementor-element elementor-element-34c6628 e-con-full e-flex e-con e-child\" data-id=\"34c6628\" data-element_type=\"container\" data-e-type=\"container\">\n\t\t<div class=\"elementor-element elementor-element-2c7876f e-con-full e-flex e-con e-child\" data-id=\"2c7876f\" data-element_type=\"container\" data-e-type=\"container\" data-settings=\"{&quot;background_background&quot;:&quot;classic&quot;}\">\n\t\t\t\t<div class=\"elementor-element elementor-element-c303a3b elementor-widget elementor-widget-heading\" data-id=\"c303a3b\" data-element_type=\"widget\" data-e-type=\"widget\" data-widget_type=\"heading.default\">\n\t\t\t\t<div class=\"elementor-widget-container\">\n\t\t\t\t\t<h4 class=\"elementor-heading-title elementor-size-default\">Safe Words: \u2018Mashed Potatoes\u2019 \/ \u2018Adventure Land\u2019<\/h4>\t\t\t\t<\/div>\n\t\t\t\t<\/div>\n\t\t\t\t<div class=\"elementor-element elementor-element-71ff6f3 elementor-widget elementor-widget-text-editor\" data-id=\"71ff6f3\" data-element_type=\"widget\" data-e-type=\"widget\" data-widget_type=\"text-editor.default\">\n\t\t\t\t<div class=\"elementor-widget-container\">\n\t\t\t\t\t\t\t\t\t<p>It can be difficult to find the right words to ask for help, especially around strangers. That&#8217;s why we&#8217;ve adopted the principle of familiar codes such as \u2018Is Luisa here?\u2019 and adapted them for our community so that you can discreetly ask for help in any situation.<\/p><p>You can use these questions\/terms at any time to contact our security staff, employees or volunteers to get out of the situation quickly and easily.<br \/>Have you noticed something strange? Do you feel uncomfortable, harassed or bullied? Is the crowd getting too much for you? Have you been attacked (verbally or physically)?<\/p><p><strong>Our safe words from this and previous years:<\/strong><br \/>\u2018Is there mashed potatoes here?\u2019<br \/>\u2018Where is Adventure Land?\u2019<\/p>\t\t\t\t\t\t\t\t<\/div>\n\t\t\t\t<\/div>\n\t\t\t\t<\/div>\n\t\t\t\t<\/div>\n\t\t<div class=\"elementor-element elementor-element-881d347 e-con-full e-flex e-con e-child\" data-id=\"881d347\" data-element_type=\"container\" data-e-type=\"container\">\n\t\t<div class=\"elementor-element elementor-element-3acf8b8 e-con-full e-flex e-con e-child\" data-id=\"3acf8b8\" data-element_type=\"container\" data-e-type=\"container\" data-settings=\"{&quot;background_background&quot;:&quot;classic&quot;}\">\n\t\t\t\t<div class=\"elementor-element elementor-element-0b8dbf7 elementor-widget elementor-widget-heading\" data-id=\"0b8dbf7\" data-element_type=\"widget\" data-e-type=\"widget\" data-widget_type=\"heading.default\">\n\t\t\t\t<div class=\"elementor-widget-container\">\n\t\t\t\t\t<h4 class=\"elementor-heading-title elementor-size-default\">Consequences of violations<\/h4>\t\t\t\t<\/div>\n\t\t\t\t<\/div>\n\t\t\t\t<div class=\"elementor-element elementor-element-f245fb8 elementor-widget elementor-widget-text-editor\" data-id=\"f245fb8\" data-element_type=\"widget\" data-e-type=\"widget\" data-widget_type=\"text-editor.default\">\n\t\t\t\t<div class=\"elementor-widget-container\">\n\t\t\t\t\t\t\t\t\t<p>We reserve the right to take appropriate action as organisers in the event of violations of our Safer Space Policy. Depending on the situation, these measures may range from a warning to exclusion from current and future events &#8211; both on-site and digital. If necessary, we will call in security personnel or authorities and provide support to those affected.<\/p><p>Our goal is to create a safe and respectful environment for everyone. To achieve this, we ask you to adhere to these rules and work with us to create an appreciative and inclusive space.<\/p>\t\t\t\t\t\t\t\t<\/div>\n\t\t\t\t<\/div>\n\t\t\t\t<\/div>\n\t\t\t\t<\/div>\n\t\t<div class=\"elementor-element elementor-element-cbc4c26 e-con-full e-flex e-con e-child\" data-id=\"cbc4c26\" data-element_type=\"container\" data-e-type=\"container\">\n\t\t\t\t<div class=\"elementor-element elementor-element-55db54d elementor-widget elementor-widget-spacer\" data-id=\"55db54d\" data-element_type=\"widget\" data-e-type=\"widget\" data-widget_type=\"spacer.default\">\n\t\t\t\t<div class=\"elementor-widget-container\">\n\t\t\t\t\t\t\t<div class=\"elementor-spacer\">\n\t\t\t<div class=\"elementor-spacer-inner\"><\/div>\n\t\t<\/div>\n\t\t\t\t\t\t<\/div>\n\t\t\t\t<\/div>\n\t\t\t\t<\/div>\n\t\t\t\t\t<\/div>\n\t\t\t\t<\/div>\n\t\t\t\t<\/div>","protected":false},"excerpt":{"rendered":"<p>Safer Space Policy Euer sicherer Ortauf der POLARIS Euer Safer Space Die POLARIS soll ein sicherer und wertsch\u00e4tzender Raum f\u00fcr alle sein, besonders weil unsere Community so bunt ist, m\u00f6chten wir euch einen Safer Space bieten. Aus diesem Grund\u00a0Deshalb dulden&#8230;<\/p>","protected":false},"author":11,"featured_media":0,"parent":0,"menu_order":0,"comment_status":"closed","ping_status":"closed","template":"","meta":{"footnotes":""},"class_list":["post-36277","page","type-page","status-publish","hentry"],"yoast_head":"<!-- This site is optimized with the Yoast SEO plugin v27.3 - https:\/\/yoast.com\/product\/yoast-seo-wordpress\/ -->\n<title>Safer Space Policy - POLARIS<\/title>\n<meta name=\"robots\" content=\"index, follow, max-snippet:-1, max-image-preview:large, max-video-preview:-1\" \/>\n<link rel=\"canonical\" href=\"https:\/\/polaris-con.de\/en\/safer-space-policy\/\" \/>\n<meta property=\"og:locale\" content=\"en_US\" \/>\n<meta property=\"og:type\" content=\"article\" \/>\n<meta property=\"og:title\" content=\"Safer Space Policy - POLARIS\" \/>\n<meta property=\"og:description\" content=\"Safer Space Policy Euer sicherer Ortauf der POLARIS Euer Safer Space Die POLARIS soll ein sicherer und wertsch\u00e4tzender Raum f\u00fcr alle sein, besonders weil unsere Community so bunt ist, m\u00f6chten wir euch einen Safer Space bieten. Aus diesem Grund\u00a0Deshalb dulden...\" \/>\n<meta property=\"og:url\" content=\"https:\/\/polaris-con.de\/en\/safer-space-policy\/\" \/>\n<meta property=\"og:site_name\" content=\"POLARIS\" \/>\n<meta property=\"article:modified_time\" content=\"2025-10-03T21:54:04+00:00\" \/>\n<meta name=\"twitter:card\" content=\"summary_large_image\" \/>\n<meta name=\"twitter:label1\" content=\"Est. reading time\" \/>\n\t<meta name=\"twitter:data1\" content=\"3 minutes\" \/>\n<script type=\"application\/ld+json\" class=\"yoast-schema-graph\">{\"@context\":\"https:\\\/\\\/schema.org\",\"@graph\":[{\"@type\":\"WebPage\",\"@id\":\"https:\\\/\\\/polaris-con.de\\\/de_de\\\/safer-space-policy\\\/\",\"url\":\"https:\\\/\\\/polaris-con.de\\\/de_de\\\/safer-space-policy\\\/\",\"name\":\"Safer Space Policy - POLARIS\",\"isPartOf\":{\"@id\":\"https:\\\/\\\/polaris-con.de\\\/de_de\\\/#website\"},\"datePublished\":\"2025-03-25T17:21:35+00:00\",\"dateModified\":\"2025-10-03T21:54:04+00:00\",\"inLanguage\":\"en-US\",\"potentialAction\":[{\"@type\":\"ReadAction\",\"target\":[\"https:\\\/\\\/polaris-con.de\\\/de_de\\\/safer-space-policy\\\/\"]}]},{\"@type\":\"WebSite\",\"@id\":\"https:\\\/\\\/polaris-con.de\\\/de_de\\\/#website\",\"url\":\"https:\\\/\\\/polaris-con.de\\\/de_de\\\/\",\"name\":\"POLARIS\",\"description\":\"Dein Community-Universum\",\"potentialAction\":[{\"@type\":\"SearchAction\",\"target\":{\"@type\":\"EntryPoint\",\"urlTemplate\":\"https:\\\/\\\/polaris-con.de\\\/de_de\\\/?s={search_term_string}\"},\"query-input\":{\"@type\":\"PropertyValueSpecification\",\"valueRequired\":true,\"valueName\":\"search_term_string\"}}],\"inLanguage\":\"en-US\"}]}<\/script>\n<!-- \/ Yoast SEO plugin. -->","yoast_head_json":{"title":"Safer Space Policy - POLARIS","robots":{"index":"index","follow":"follow","max-snippet":"max-snippet:-1","max-image-preview":"max-image-preview:large","max-video-preview":"max-video-preview:-1"},"canonical":"https:\/\/polaris-con.de\/en\/safer-space-policy\/","og_locale":"en_US","og_type":"article","og_title":"Safer Space Policy - POLARIS","og_description":"Safer Space Policy Euer sicherer Ortauf der POLARIS Euer Safer Space Die POLARIS soll ein sicherer und wertsch\u00e4tzender Raum f\u00fcr alle sein, besonders weil unsere Community so bunt ist, m\u00f6chten wir euch einen Safer Space bieten. Aus diesem Grund\u00a0Deshalb dulden...","og_url":"https:\/\/polaris-con.de\/en\/safer-space-policy\/","og_site_name":"POLARIS","article_modified_time":"2025-10-03T21:54:04+00:00","twitter_card":"summary_large_image","twitter_misc":{"Est. reading time":"3 minutes"},"schema":{"@context":"https:\/\/schema.org","@graph":[{"@type":"WebPage","@id":"https:\/\/polaris-con.de\/de_de\/safer-space-policy\/","url":"https:\/\/polaris-con.de\/de_de\/safer-space-policy\/","name":"Safer Space Policy - POLARIS","isPartOf":{"@id":"https:\/\/polaris-con.de\/de_de\/#website"},"datePublished":"2025-03-25T17:21:35+00:00","dateModified":"2025-10-03T21:54:04+00:00","inLanguage":"en-US","potentialAction":[{"@type":"ReadAction","target":["https:\/\/polaris-con.de\/de_de\/safer-space-policy\/"]}]},{"@type":"WebSite","@id":"https:\/\/polaris-con.de\/de_de\/#website","url":"https:\/\/polaris-con.de\/de_de\/","name":"POLARIS","description":"Your Community Universe","potentialAction":[{"@type":"SearchAction","target":{"@type":"EntryPoint","urlTemplate":"https:\/\/polaris-con.de\/de_de\/?s={search_term_string}"},"query-input":{"@type":"PropertyValueSpecification","valueRequired":true,"valueName":"search_term_string"}}],"inLanguage":"en-US"}]}},"_links":{"self":[{"href":"https:\/\/polaris-con.de\/en\/wp-json\/wp\/v2\/pages\/36277","targetHints":{"allow":["GET"]}}],"collection":[{"href":"https:\/\/polaris-con.de\/en\/wp-json\/wp\/v2\/pages"}],"about":[{"href":"https:\/\/polaris-con.de\/en\/wp-json\/wp\/v2\/types\/page"}],"author":[{"embeddable":true,"href":"https:\/\/polaris-con.de\/en\/wp-json\/wp\/v2\/users\/11"}],"replies":[{"embeddable":true,"href":"https:\/\/polaris-con.de\/en\/wp-json\/wp\/v2\/comments?post=36277"}],"version-history":[{"count":25,"href":"https:\/\/polaris-con.de\/en\/wp-json\/wp\/v2\/pages\/36277\/revisions"}],"predecessor-version":[{"id":47414,"href":"https:\/\/polaris-con.de\/en\/wp-json\/wp\/v2\/pages\/36277\/revisions\/47414"}],"wp:attachment":[{"href":"https:\/\/polaris-con.de\/en\/wp-json\/wp\/v2\/media?parent=36277"}],"curies":[{"name":"wp","href":"https:\/\/api.w.org\/{rel}","templated":true}]}}